{"id":942,"date":"2020-04-02T16:19:13","date_gmt":"2020-04-02T13:19:13","guid":{"rendered":"https:\/\/turun-taidegraafikot.fi\/?page_id=942"},"modified":"2025-01-08T18:35:56","modified_gmt":"2025-01-08T16:35:56","slug":"jasenhaku-ja-jasenedut","status":"publish","type":"page","link":"https:\/\/turun-taidegraafikot.fi\/sv\/info\/jasenhaku-ja-jasenedut\/","title":{"rendered":"Medlemskap"},"content":{"rendered":"<h2>Bli medlem i f\u00f6reningen<\/h2>\r\n<p>\u00c5bo konstgrafiker tar emot medlemsans\u00f6kningar \u00e5ret runt utan fastst\u00e4lld ans\u00f6kningstid. Konstn\u00e4rer, som visat professionella meriter i antingen konsttryck eller som tecknare, kan antas som medlem i f\u00f6reningen.<\/p>\r\n<p>Ans\u00f6kan ska inneh\u00e5lla en kort presentation som belyser varf\u00f6r du vill g\u00e5 med i f\u00f6reningen, ett aktuellt CV samt 8\u201310 originaltryck eller bilder av god kvalitet p\u00e5 dina senaste konstverk. Du kan \u00e4ven bifoga bilder d\u00e4r konstverken visas i utst\u00e4llningen. Ans\u00f6kningar kan levereras via e-post eller skickas till Galleria Joella. Din ans\u00f6kan kommer att behandlas p\u00e5 n\u00e4sta styrelsem\u00f6te och du f\u00e5r svar efter det.<\/p>\r\n\r\n<p>Medlemsavgiften \u00e4r 30 \u20ac per \u00e5r.<\/p>\r\n<h3>F\u00f6rm\u00e5ner f\u00f6r medlemmar<\/h3>\r\n<ul>\r\n<li>M\u00f6jlighet att s\u00e4lja din konst i Galleria Joellas grafikbutik och Turun taidelainaamo.<\/li>\r\n<li>Rabatt p\u00e5 Galleria Joellas utst\u00e4llningsavgift.<\/li>\r\n<li>Rabatt p\u00e5 bruksavgifterna f\u00f6r arbetsrum.<\/li>\r\n<li>Rabatt p\u00e5 arkivverk.<\/li>\r\n<li>Synlighet p\u00e5 f\u00f6reningens hemsida i grafikbutikens konstn\u00e4rslista, med l\u00e4nkar till konstn\u00e4rens hemsida och\/eller bildkonstn\u00e4rsregister.<\/li>\r\n<li>Synlighet p\u00e5 sociala medier i samband med olika uppdateringar.<\/li>\r\n<li>M\u00f6jlighet att delta i f\u00f6reningens gemensamma utst\u00e4llningar och evenemang.<\/li>\r\n<li>Medlemskorten som ger dig fri eller reducerad entr\u00e9 till flera konstmuseer i Finland<\/li>\r\n<\/ul>\r\n<h3>Ans\u00f6kningar och fr\u00e5gor<\/h3>\r\n<p>E-post: <a href=\"mailto:ttg@turun-taidegraafikot.fi\">ttg@turun-taidegraafikot.fi<\/a><\/p>\r\n<p>Per post:<br \/>\u00c5bo Konstgafiker rf\/Medlemsans\u00f6kan<br \/>V\u00e4stra Strandgatan 21<br \/>20100 \u00c5bo<\/p>\r\n\r\n<h4 class=\"wp-block-heading\"><\/h4>","protected":false},"excerpt":{"rendered":"<p>Bli medlem i f\u00f6reningen \u00c5bo konstgrafiker tar emot medlemsans\u00f6kningar \u00e5ret runt utan fastst\u00e4lld ans\u00f6kningstid. Konstn\u00e4rer, som visat professionella meriter i antingen konsttryck eller som tecknare, kan antas som medlem i &#8230;<\/p>\n","protected":false},"author":1,"featured_media":0,"parent":167,"menu_order":23,"comment_status":"closed","ping_status":"closed","template":"","meta":{"footnotes":""},"class_list":["post-942","page","type-page","status-publish","hentry","no-post-thumbnail"],"_links":{"self":[{"href":"https:\/\/turun-taidegraafikot.fi\/sv\/wp-json\/wp\/v2\/pages\/942","targetHints":{"allow":["GET"]}}],"collection":[{"href":"https:\/\/turun-taidegraafikot.fi\/sv\/wp-json\/wp\/v2\/pages"}],"about":[{"href":"https:\/\/turun-taidegraafikot.fi\/sv\/wp-json\/wp\/v2\/types\/page"}],"author":[{"embeddable":true,"href":"https:\/\/turun-taidegraafikot.fi\/sv\/wp-json\/wp\/v2\/users\/1"}],"replies":[{"embeddable":true,"href":"https:\/\/turun-taidegraafikot.fi\/sv\/wp-json\/wp\/v2\/comments?post=942"}],"version-history":[{"count":25,"href":"https:\/\/turun-taidegraafikot.fi\/sv\/wp-json\/wp\/v2\/pages\/942\/revisions"}],"predecessor-version":[{"id":4828,"href":"https:\/\/turun-taidegraafikot.fi\/sv\/wp-json\/wp\/v2\/pages\/942\/revisions\/4828"}],"up":[{"embeddable":true,"href":"https:\/\/turun-taidegraafikot.fi\/sv\/wp-json\/wp\/v2\/pages\/167"}],"wp:attachment":[{"href":"https:\/\/turun-taidegraafikot.fi\/sv\/wp-json\/wp\/v2\/media?parent=942"}],"curies":[{"name":"wp","href":"https:\/\/api.w.org\/{rel}","templated":true}]}}