{"id":4778,"date":"2024-11-26T14:47:29","date_gmt":"2024-11-26T12:47:29","guid":{"rendered":"https:\/\/turun-taidegraafikot.fi\/?page_id=4778"},"modified":"2025-05-22T13:03:58","modified_gmt":"2025-05-22T10:03:58","slug":"lahjakortti","status":"publish","type":"page","link":"https:\/\/turun-taidegraafikot.fi\/sv\/lahjakortti\/","title":{"rendered":"(Suomi) LAHJAKORTTI"},"content":{"rendered":"<p class=\"qtranxs-available-languages-message qtranxs-available-languages-message-sv\">Tyv\u00e4rr \u00e4r denna artikel enbart tillg\u00e4nglig p\u00e5 <a href=\"https:\/\/turun-taidegraafikot.fi\/fi\/wp-json\/wp\/v2\/pages\/4778\" class=\"qtranxs-available-language-link qtranxs-available-language-link-fi\" title=\"Suomi\">Suomi<\/a> och <a href=\"https:\/\/turun-taidegraafikot.fi\/en\/wp-json\/wp\/v2\/pages\/4778\" class=\"qtranxs-available-language-link qtranxs-available-language-link-en\" title=\"English\">English<\/a>.<\/p>","protected":false},"excerpt":{"rendered":"<p>Tyv\u00e4rr \u00e4r denna artikel enbart tillg\u00e4nglig p\u00e5 Suomi och English.<\/p>\n","protected":false},"author":3,"featured_media":5594,"parent":0,"menu_order":0,"comment_status":"closed","ping_status":"closed","template":"","meta":{"footnotes":""},"class_list":["post-4778","page","type-page","status-publish","has-post-thumbnail","hentry"],"_links":{"self":[{"href":"https:\/\/turun-taidegraafikot.fi\/sv\/wp-json\/wp\/v2\/pages\/4778","targetHints":{"allow":["GET"]}}],"collection":[{"href":"https:\/\/turun-taidegraafikot.fi\/sv\/wp-json\/wp\/v2\/pages"}],"about":[{"href":"https:\/\/turun-taidegraafikot.fi\/sv\/wp-json\/wp\/v2\/types\/page"}],"author":[{"embeddable":true,"href":"https:\/\/turun-taidegraafikot.fi\/sv\/wp-json\/wp\/v2\/users\/3"}],"replies":[{"embeddable":true,"href":"https:\/\/turun-taidegraafikot.fi\/sv\/wp-json\/wp\/v2\/comments?post=4778"}],"version-history":[{"count":0,"href":"https:\/\/turun-taidegraafikot.fi\/sv\/wp-json\/wp\/v2\/pages\/4778\/revisions"}],"wp:featuredmedia":[{"embeddable":true,"href":"https:\/\/turun-taidegraafikot.fi\/sv\/wp-json\/wp\/v2\/media\/5594"}],"wp:attachment":[{"href":"https:\/\/turun-taidegraafikot.fi\/sv\/wp-json\/wp\/v2\/media?parent=4778"}],"curies":[{"name":"wp","href":"https:\/\/api.w.org\/{rel}","templated":true}]}}