{"id":4743,"date":"2024-11-12T15:59:01","date_gmt":"2024-11-12T13:59:01","guid":{"rendered":"https:\/\/turun-taidegraafikot.fi\/?page_id=4743"},"modified":"2025-01-28T17:23:59","modified_gmt":"2025-01-28T15:23:59","slug":"kehystyspalvelu","status":"publish","type":"page","link":"https:\/\/turun-taidegraafikot.fi\/sv\/grafiikanmyymala\/kehystyspalvelu\/","title":{"rendered":"(Suomi) Kehystyspalvelu"},"content":{"rendered":"<p class=\"qtranxs-available-languages-message qtranxs-available-languages-message-sv\">Tyv\u00e4rr \u00e4r denna artikel enbart tillg\u00e4nglig p\u00e5 <a href=\"https:\/\/turun-taidegraafikot.fi\/fi\/wp-json\/wp\/v2\/pages\/4743\" class=\"qtranxs-available-language-link qtranxs-available-language-link-fi\" title=\"Suomi\">Suomi<\/a> och <a href=\"https:\/\/turun-taidegraafikot.fi\/en\/wp-json\/wp\/v2\/pages\/4743\" class=\"qtranxs-available-language-link qtranxs-available-language-link-en\" title=\"English\">English<\/a>.<\/p>","protected":false},"excerpt":{"rendered":"<p>Tyv\u00e4rr \u00e4r denna artikel enbart tillg\u00e4nglig p\u00e5 Suomi och English.<\/p>\n","protected":false},"author":4,"featured_media":4736,"parent":805,"menu_order":0,"comment_status":"closed","ping_status":"closed","template":"","meta":{"rs_blank_template":"","rs_page_bg_color":"","slide_template_v7":"","footnotes":""},"class_list":["post-4743","page","type-page","status-publish","has-post-thumbnail","hentry"],"_links":{"self":[{"href":"https:\/\/turun-taidegraafikot.fi\/sv\/wp-json\/wp\/v2\/pages\/4743","targetHints":{"allow":["GET"]}}],"collection":[{"href":"https:\/\/turun-taidegraafikot.fi\/sv\/wp-json\/wp\/v2\/pages"}],"about":[{"href":"https:\/\/turun-taidegraafikot.fi\/sv\/wp-json\/wp\/v2\/types\/page"}],"author":[{"embeddable":true,"href":"https:\/\/turun-taidegraafikot.fi\/sv\/wp-json\/wp\/v2\/users\/4"}],"replies":[{"embeddable":true,"href":"https:\/\/turun-taidegraafikot.fi\/sv\/wp-json\/wp\/v2\/comments?post=4743"}],"version-history":[{"count":0,"href":"https:\/\/turun-taidegraafikot.fi\/sv\/wp-json\/wp\/v2\/pages\/4743\/revisions"}],"up":[{"embeddable":true,"href":"https:\/\/turun-taidegraafikot.fi\/sv\/wp-json\/wp\/v2\/pages\/805"}],"wp:featuredmedia":[{"embeddable":true,"href":"https:\/\/turun-taidegraafikot.fi\/sv\/wp-json\/wp\/v2\/media\/4736"}],"wp:attachment":[{"href":"https:\/\/turun-taidegraafikot.fi\/sv\/wp-json\/wp\/v2\/media?parent=4743"}],"curies":[{"name":"wp","href":"https:\/\/api.w.org\/{rel}","templated":true}]}}