{"id":3131,"date":"2023-03-12T12:33:55","date_gmt":"2023-03-12T10:33:55","guid":{"rendered":"https:\/\/turun-taidegraafikot.fi\/?page_id=3131"},"modified":"2023-10-10T11:49:45","modified_gmt":"2023-10-10T08:49:45","slug":"svenska-utstallningar-2023","status":"publish","type":"page","link":"https:\/\/turun-taidegraafikot.fi\/sv\/galleria-joella\/svenska-utstallningar-2023\/","title":{"rendered":"Utst\u00e4llningar 2023"},"content":{"rendered":"<h4>UTST\u00c4LLNINGAR 2023<\/h4>\n<p>2023 fyller \u00c5bo Konstgrafiker rf 90 \u00e5r. D\u00e4rf\u00f6r visas grafiken extra mycket i utst\u00e4llningar.<\/p>\n<ul>\n<li>11.1.\u20145.2. Appe Lepp\u00e4nen\u00a0<a href=\"https:\/\/appeleppanen.wordpress.com\/\">https:\/\/appeleppanen.wordpress.com\/<\/a><\/li>\n<li>8.2.\u20145.3. Laura Pohjonen\u00a0<a href=\"https:\/\/kuvataiteilijamatrikkeli.fi\/taiteilija\/laura-pohjonen\">https:\/\/kuvataiteilijamatrikkeli.fi\/taiteilija\/laura-pohjonen<\/a><\/li>\n<li>8.3.\u20142.4. Pirjetta Brander ja Janne Laine\u00a0<a href=\"https:\/\/pirjettabrander.com\/\">https:\/\/pirjettabrander.com\/<\/a>\u00a0<a href=\"https:\/\/www.jannelaine.net\/\">https:\/\/www.jannelaine.net\/<\/a><\/li>\n<li>5.4.\u201430.4. Tuukka Peltonen\u00a0<a href=\"https:\/\/kuvataiteilijamatrikkeli.fi\/taiteilija\/tuukka-peltonen\">https:\/\/kuvataiteilijamatrikkeli.fi\/taiteilija\/tuukka-peltonen<\/a><\/li>\n<li>3.5.\u201428.5. Miina Laine (TTG medlem)\u00a0<a href=\"https:\/\/www.miinalaine.fi\/\">https:\/\/www.miinalaine.fi\/<\/a><\/li>\n<li>31.5.\u201425.6. Heli Kurunsaari (TTG medlem)\u00a0<a href=\"https:\/\/www.helikurunsaari.net\/\">https:\/\/www.helikurunsaari.net\/<\/a><\/li>\n<li>28.6.\u201423.7. Saara Nurmi ja Maarit Lipsanen-Rogers\u00a0<a href=\"https:\/\/www.saaranurmi.com\/\">https:\/\/www.saaranurmi.com\/<\/a>\u00a0<a href=\"https:\/\/www.puupiirtajat.fi\/jasenet\/lipsanen-rogers-maarit\/\">https:\/\/www.puupiirtajat.fi\/jasenet\/lipsanen-rogers-maarit\/<\/a><\/li>\n<li>26.7.\u201420.8. \u00c5bo Konstgrafikers egna utst\u00e4llning<\/li>\n<li>23.8.\u201417.9. Lars Holmstr\u00f6m (TTG medlem)\u00a0<a href=\"https:\/\/kuvataiteilijamatrikkeli.fi\/taiteilija\/lars-holmstrom\">https:\/\/kuvataiteilijamatrikkeli.fi\/taiteilija\/lars-holmstrom<\/a><\/li>\n<li>20.9.\u201415.10. Minna Maija Lappalainen (TTG medlem)\u00a0<a href=\"https:\/\/minnamaijalappalainen.com\/\">https:\/\/minnamaijalappalainen.com\/<\/a><\/li>\n<li>18.10.\u201412.11. Umppa Niinivaara\u00a0<a href=\"https:\/\/kuvataiteilijamatrikkeli.fi\/taiteilija\/niinivaara-umppa\">https:\/\/kuvataiteilijamatrikkeli.fi\/taiteilija\/niinivaara-umppa<\/a><\/li>\n<li>15.11.\u201410.12. Paula Suominen\u00a0<a href=\"https:\/\/www.paulasuominen.fi\/etusivu\">https:\/\/www.paulasuominen.fi\/etusivu<\/a><\/li>\n<li>13.12.\u201414.1.2024 Laura Pietil\u00e4inen\u00a0<a href=\"https:\/\/www.instagram.com\/frettimercury\/\">https:\/\/www.instagram.com\/frettimercury\/<\/a><\/li>\n<\/ul>\n<hr \/>\n<p>&nbsp;<\/p>\n<p>Utst\u00e4llningar 2022<\/p>\n<p>&nbsp;<\/p>\n<ul>\n<li><a href=\"https:\/\/turun-taidegraafikot.fi\/uutiset\/antti-keitila-nokipiirroksia-5-1-30-1-2022\/\" target=\"_blank\" rel=\"noopener\">Antti Keitil\u00e4, Nokipiirroksia<\/a>\u00a0\u00a0 \u00a0 \u00a0 \u00a0 \u00a0 \u00a0 \u00a0 \u00a0 \u00a0 \u00a0 \u00a0 \u00a0 \u00a0 \u00a0 \u00a0 \u00a0 \u00a0 \u00a0 \u00a0 5.1.-30.1.<\/li>\n<li><a href=\"https:\/\/turun-taidegraafikot.fi\/uutiset\/silja-selonen-suhteellisuuksia-3-27-2-2022\/\" target=\"_blank\" rel=\"noopener\">Silja Selonen, Suhteellisuuksia<\/a>\u00a0\u00a0 \u00a0 \u00a0 \u00a0 \u00a0\u00a0\u00a0\u00a0\u00a0\u00a0\u00a0\u00a0\u00a0\u00a0\u00a0\u00a0\u00a0\u00a0\u00a0\u00a0\u00a0\u00a0\u00a0\u00a0\u00a0\u00a0\u00a0\u00a0 2.2.-27.2.<\/li>\n<li><a href=\"https:\/\/turun-taidegraafikot.fi\/uutiset\/sanna-kananoja-vesi-virtaa-toivottuun-suuntaan-3-27-3-2022\/\" target=\"_blank\" rel=\"noopener\">Sanna Kananoja, Vesi virtaa toivottuun suuntaan<\/a>\u00a02.3.-27.3<\/li>\n<li><a href=\"https:\/\/turun-taidegraafikot.fi\/uutiset\/kimmo-ylonen-kaikkiharka-30-3-24-4-2022\/\" target=\"_blank\" rel=\"noopener\">Kimmo Yl\u00f6nen, Kaikkih\u00e4rk\u00e4<\/a>\u00a0\u00a0 \u00a0 \u00a0 \u00a0 \u00a0 \u00a0 \u00a0\u00a0\u00a0\u00a0\u00a0\u00a0\u00a0\u00a0\u00a0\u00a0\u00a0\u00a0\u00a0\u00a0\u00a0\u00a0\u00a0\u00a0\u00a0\u00a0\u00a0\u00a0\u00a0\u00a0 30.3-24.4.<\/li>\n<li><a href=\"https:\/\/turun-taidegraafikot.fi\/uutiset\/anne-sunila-elementaarisuus-28-4-22-5-2002\/\" target=\"_blank\" rel=\"noopener\">Anne Sunila, Elementaarisuus<\/a>\u00a0\u00a0 \u00a0 \u00a0 \u00a0 \u00a0 \u00a0 \u00a0 \u00a0 \u00a0 \u00a0 \u00a0 \u00a0 \u00a0 \u00a0 \u00a0 \u00a0 \u00a0 27.4.-22.5.<\/li>\n<li><a href=\"https:\/\/turun-taidegraafikot.fi\/uutiset\/samu-raatikainen-laho-27-5-19-6-2022\/\" target=\"_blank\" rel=\"noopener\">Samu Raatikainen, Laho<\/a>\u00a0 \u00a0 \u00a0 \u00a0 \u00a0 \u00a0 \u00a0 \u00a0 \u00a0 \u00a0 \u00a0 \u00a0 \u00a0 \u00a0 \u00a0 \u00a0 \u00a0 \u00a0 \u00a0 \u00a0 \u00a0 \u00a0 \u00a025.5.-19.6.<\/li>\n<li><a href=\"https:\/\/turun-taidegraafikot.fi\/uutiset\/synchronicity-nykytaidegrafiikkaa-yhdysvalloista-23-6-24-7-2022\/\" target=\"_blank\" rel=\"noopener\">Synchronicity, Nykytaidegrafiikkaa Yhdysvalloista<\/a>\u00a0 22.6.-24.7.<\/li>\n<li>Reija Palo-Oja \u00a0\u00a0\u00a0\u00a0\u00a0\u00a0\u00a0\u00a0\u00a0\u00a0\u00a0\u00a0\u00a0\u00a0\u00a0\u00a0\u00a0\u00a0\u00a0\u00a0\u00a0\u00a0\u00a0\u00a0\u00a0\u00a0\u00a0\u00a0\u00a0\u00a0\u00a0\u00a0\u00a0\u00a0\u00a0\u00a0\u00a0\u00a0\u00a0\u00a0\u00a0\u00a0\u00a0\u00a0\u00a0\u00a0\u00a0\u00a0\u00a0\u00a0\u00a0\u00a0\u00a0\u00a0\u00a0\u00a0\u00a0\u00a0\u00a0\u00a0\u00a0 27.7-21.8.<\/li>\n<li>vaihton\u00e4yttely Italia\u00a0\u00a0\u00a0\u00a0\u00a0\u00a0\u00a0\u00a0\u00a0\u00a0\u00a0\u00a0\u00a0\u00a0\u00a0\u00a0\u00a0\u00a0\u00a0\u00a0\u00a0\u00a0\u00a0\u00a0\u00a0\u00a0\u00a0\u00a0\u00a0\u00a0\u00a0\u00a0\u00a0\u00a0\u00a0\u00a0\u00a0\u00a0\u00a0\u00a0\u00a0\u00a0\u00a0\u00a0\u00a0\u00a0\u00a0\u00a0\u00a0\u00a0\u00a0\u00a0 24.8.-18.9.<\/li>\n<li>Juha Joro\u00a0\u00a0\u00a0\u00a0\u00a0\u00a0\u00a0\u00a0\u00a0 \u00a0\u00a0\u00a0\u00a0\u00a0\u00a0\u00a0\u00a0\u00a0\u00a0\u00a0\u00a0\u00a0\u00a0\u00a0\u00a0\u00a0\u00a0\u00a0\u00a0\u00a0\u00a0\u00a0\u00a0 \u00a0 \u00a0 \u00a0 \u00a0 \u00a0\u00a0\u00a0\u00a0\u00a0\u00a0\u00a0\u00a0\u00a0\u00a0\u00a0\u00a0\u00a0\u00a0\u00a0\u00a0\u00a0\u00a0\u00a0\u00a0\u00a0\u00a0\u00a0\u00a0\u00a0\u00a0\u00a0 21.9.-16.10.<\/li>\n<li>Antti Tanttu\u00a0\u00a0\u00a0\u00a0 \u00a0\u00a0\u00a0\u00a0\u00a0\u00a0\u00a0\u00a0\u00a0\u00a0\u00a0\u00a0\u00a0\u00a0\u00a0\u00a0\u00a0\u00a0\u00a0\u00a0\u00a0\u00a0\u00a0\u00a0\u00a0\u00a0\u00a0\u00a0\u00a0\u00a0\u00a0\u00a0 \u00a0\u00a0\u00a0\u00a0\u00a0\u00a0\u00a0\u00a0\u00a0\u00a0\u00a0\u00a0\u00a0\u00a0\u00a0\u00a0\u00a0\u00a0\u00a0\u00a0\u00a0\u00a0\u00a0\u00a0\u00a0\u00a0\u00a0\u00a0 19.10.-13.11.<\/li>\n<li>Taru Juvakka\u00a0\u00a0\u00a0\u00a0\u00a0\u00a0\u00a0\u00a0\u00a0\u00a0\u00a0\u00a0\u00a0\u00a0\u00a0\u00a0\u00a0\u00a0\u00a0\u00a0\u00a0\u00a0\u00a0\u00a0\u00a0\u00a0\u00a0\u00a0\u00a0\u00a0\u00a0\u00a0\u00a0\u00a0 \u00a0\u00a0\u00a0\u00a0\u00a0\u00a0\u00a0\u00a0\u00a0\u00a0\u00a0\u00a0\u00a0\u00a0\u00a0\u00a0\u00a0\u00a0\u00a0\u00a0\u00a0\u00a0\u00a0\u00a0\u00a0\u00a0\u00a0\u00a0 16.11-11.12.<\/li>\n<li>Taru Salonen\u00a0\u00a0 \u00a0\u00a0\u00a0\u00a0\u00a0\u00a0\u00a0\u00a0\u00a0\u00a0\u00a0\u00a0\u00a0\u00a0\u00a0\u00a0\u00a0\u00a0\u00a0\u00a0\u00a0\u00a0\u00a0\u00a0\u00a0\u00a0\u00a0\u00a0\u00a0\u00a0\u00a0\u00a0 \u00a0\u00a0\u00a0\u00a0\u00a0\u00a0\u00a0\u00a0\u00a0\u00a0\u00a0\u00a0\u00a0\u00a0\u00a0\u00a0\u00a0\u00a0\u00a0\u00a0\u00a0\u00a0\u00a0\u00a0\u00a0\u00a0\u00a0\u00a0 14.12-8.1.2023<\/li>\n<\/ul>\n\n<h4>UTST\u00c4LLNINGAR 2023<\/h4>\n<p>2023 fyller \u00c5bo Konstgrafiker rf 90 \u00e5r. D\u00e4rf\u00f6r visas grafiken extra mycket i utst\u00e4llningar.<\/p>\n<ul>\n<li>11.1.\u20145.2. Appe Lepp\u00e4nen\u00a0<a href=\"https:\/\/appeleppanen.wordpress.com\/\">https:\/\/appeleppanen.wordpress.com\/<\/a><\/li>\n<li>8.2.\u20145.3. Laura Pohjonen\u00a0<a href=\"https:\/\/kuvataiteilijamatrikkeli.fi\/taiteilija\/laura-pohjonen\">https:\/\/kuvataiteilijamatrikkeli.fi\/taiteilija\/laura-pohjonen<\/a><\/li>\n<li>8.3.\u20142.4. Pirjetta Brander ja Janne Laine\u00a0<a href=\"https:\/\/pirjettabrander.com\/\">https:\/\/pirjettabrander.com\/<\/a>\u00a0<a href=\"https:\/\/www.jannelaine.net\/\">https:\/\/www.jannelaine.net\/<\/a><\/li>\n<li>5.4.\u201430.4. Tuukka Peltonen\u00a0<a href=\"https:\/\/kuvataiteilijamatrikkeli.fi\/taiteilija\/tuukka-peltonen\">https:\/\/kuvataiteilijamatrikkeli.fi\/taiteilija\/tuukka-peltonen<\/a><\/li>\n<li>3.5.\u201428.5. Miina Laine (TTG medlem)\u00a0<a href=\"https:\/\/www.miinalaine.fi\/\">https:\/\/www.miinalaine.fi\/<\/a><\/li>\n<li>31.5.\u201425.6. Heli Kurunsaari (TTG medlem)\u00a0<a href=\"https:\/\/www.helikurunsaari.net\/\">https:\/\/www.helikurunsaari.net\/<\/a><\/li>\n<li>28.6.\u201423.7. Saara Nurmi ja Maarit Lipsanen-Rogers\u00a0<a href=\"https:\/\/www.saaranurmi.com\/\">https:\/\/www.saaranurmi.com\/<\/a>\u00a0<a href=\"https:\/\/www.puupiirtajat.fi\/jasenet\/lipsanen-rogers-maarit\/\">https:\/\/www.puupiirtajat.fi\/jasenet\/lipsanen-rogers-maarit\/<\/a><\/li>\n<li>26.7.\u201420.8. \u00c5bo Konstgrafikers egna utst\u00e4llning<\/li>\n<li>23.8.\u201417.9. Lars Holmstr\u00f6m (TTG medlem)\u00a0<a href=\"https:\/\/kuvataiteilijamatrikkeli.fi\/taiteilija\/lars-holmstrom\">https:\/\/kuvataiteilijamatrikkeli.fi\/taiteilija\/lars-holmstrom<\/a><\/li>\n<li>20.9.\u201415.10. Minna Maija Lappalainen (TTG medlem)\u00a0<a href=\"https:\/\/minnamaijalappalainen.com\/\">https:\/\/minnamaijalappalainen.com\/<\/a><\/li>\n<li>18.10.\u201412.11. Umppa Niinivaara\u00a0<a href=\"https:\/\/kuvataiteilijamatrikkeli.fi\/taiteilija\/niinivaara-umppa\">https:\/\/kuvataiteilijamatrikkeli.fi\/taiteilija\/niinivaara-umppa<\/a><\/li>\n<li>15.11.\u201410.12. Paula Suominen\u00a0<a href=\"https:\/\/www.paulasuominen.fi\/etusivu\">https:\/\/www.paulasuominen.fi\/etusivu<\/a><\/li>\n<li>13.12.\u201414.1.2024 Laura Pietil\u00e4inen\u00a0<a href=\"https:\/\/www.instagram.com\/frettimercury\/\">https:\/\/www.instagram.com\/frettimercury\/<\/a><\/li>\n<\/ul>\n<hr \/>\n<p>&nbsp;<\/p>\n<p>Utst\u00e4llningar 2022<\/p>\n<p>&nbsp;<\/p>\n<ul>\n<li><a href=\"https:\/\/turun-taidegraafikot.fi\/uutiset\/antti-keitila-nokipiirroksia-5-1-30-1-2022\/\" target=\"_blank\" rel=\"noopener\">Antti Keitil\u00e4, Nokipiirroksia<\/a>\u00a0\u00a0 \u00a0 \u00a0 \u00a0 \u00a0 \u00a0 \u00a0 \u00a0 \u00a0 \u00a0 \u00a0 \u00a0 \u00a0 \u00a0 \u00a0 \u00a0 \u00a0 \u00a0 \u00a0 5.1.-30.1.<\/li>\n<li><a href=\"https:\/\/turun-taidegraafikot.fi\/uutiset\/silja-selonen-suhteellisuuksia-3-27-2-2022\/\" target=\"_blank\" rel=\"noopener\">Silja Selonen, Suhteellisuuksia<\/a>\u00a0\u00a0 \u00a0 \u00a0 \u00a0 \u00a0\u00a0\u00a0\u00a0\u00a0\u00a0\u00a0\u00a0\u00a0\u00a0\u00a0\u00a0\u00a0\u00a0\u00a0\u00a0\u00a0\u00a0\u00a0\u00a0\u00a0\u00a0\u00a0\u00a0 2.2.-27.2.<\/li>\n<li><a href=\"https:\/\/turun-taidegraafikot.fi\/uutiset\/sanna-kananoja-vesi-virtaa-toivottuun-suuntaan-3-27-3-2022\/\" target=\"_blank\" rel=\"noopener\">Sanna Kananoja, Vesi virtaa toivottuun suuntaan<\/a>\u00a02.3.-27.3<\/li>\n<li><a href=\"https:\/\/turun-taidegraafikot.fi\/uutiset\/kimmo-ylonen-kaikkiharka-30-3-24-4-2022\/\" target=\"_blank\" rel=\"noopener\">Kimmo Yl\u00f6nen, Kaikkih\u00e4rk\u00e4<\/a>\u00a0\u00a0 \u00a0 \u00a0 \u00a0 \u00a0 \u00a0 \u00a0\u00a0\u00a0\u00a0\u00a0\u00a0\u00a0\u00a0\u00a0\u00a0\u00a0\u00a0\u00a0\u00a0\u00a0\u00a0\u00a0\u00a0\u00a0\u00a0\u00a0\u00a0\u00a0\u00a0 30.3-24.4.<\/li>\n<li><a href=\"https:\/\/turun-taidegraafikot.fi\/uutiset\/anne-sunila-elementaarisuus-28-4-22-5-2002\/\" target=\"_blank\" rel=\"noopener\">Anne Sunila, Elementaarisuus<\/a>\u00a0\u00a0 \u00a0 \u00a0 \u00a0 \u00a0 \u00a0 \u00a0 \u00a0 \u00a0 \u00a0 \u00a0 \u00a0 \u00a0 \u00a0 \u00a0 \u00a0 \u00a0 27.4.-22.5.<\/li>\n<li><a href=\"https:\/\/turun-taidegraafikot.fi\/uutiset\/samu-raatikainen-laho-27-5-19-6-2022\/\" target=\"_blank\" rel=\"noopener\">Samu Raatikainen, Laho<\/a>\u00a0 \u00a0 \u00a0 \u00a0 \u00a0 \u00a0 \u00a0 \u00a0 \u00a0 \u00a0 \u00a0 \u00a0 \u00a0 \u00a0 \u00a0 \u00a0 \u00a0 \u00a0 \u00a0 \u00a0 \u00a0 \u00a0 \u00a025.5.-19.6.<\/li>\n<li><a href=\"https:\/\/turun-taidegraafikot.fi\/uutiset\/synchronicity-nykytaidegrafiikkaa-yhdysvalloista-23-6-24-7-2022\/\" target=\"_blank\" rel=\"noopener\">Synchronicity, Nykytaidegrafiikkaa Yhdysvalloista<\/a>\u00a0 22.6.-24.7.<\/li>\n<li>Reija Palo-Oja \u00a0\u00a0\u00a0\u00a0\u00a0\u00a0\u00a0\u00a0\u00a0\u00a0\u00a0\u00a0\u00a0\u00a0\u00a0\u00a0\u00a0\u00a0\u00a0\u00a0\u00a0\u00a0\u00a0\u00a0\u00a0\u00a0\u00a0\u00a0\u00a0\u00a0\u00a0\u00a0\u00a0\u00a0\u00a0\u00a0\u00a0\u00a0\u00a0\u00a0\u00a0\u00a0\u00a0\u00a0\u00a0\u00a0\u00a0\u00a0\u00a0\u00a0\u00a0\u00a0\u00a0\u00a0\u00a0\u00a0\u00a0\u00a0\u00a0\u00a0\u00a0 27.7-21.8.<\/li>\n<li>vaihton\u00e4yttely Italia\u00a0\u00a0\u00a0\u00a0\u00a0\u00a0\u00a0\u00a0\u00a0\u00a0\u00a0\u00a0\u00a0\u00a0\u00a0\u00a0\u00a0\u00a0\u00a0\u00a0\u00a0\u00a0\u00a0\u00a0\u00a0\u00a0\u00a0\u00a0\u00a0\u00a0\u00a0\u00a0\u00a0\u00a0\u00a0\u00a0\u00a0\u00a0\u00a0\u00a0\u00a0\u00a0\u00a0\u00a0\u00a0\u00a0\u00a0\u00a0\u00a0\u00a0\u00a0\u00a0 24.8.-18.9.<\/li>\n<li>Juha Joro\u00a0\u00a0\u00a0\u00a0\u00a0\u00a0\u00a0\u00a0\u00a0 \u00a0\u00a0\u00a0\u00a0\u00a0\u00a0\u00a0\u00a0\u00a0\u00a0\u00a0\u00a0\u00a0\u00a0\u00a0\u00a0\u00a0\u00a0\u00a0\u00a0\u00a0\u00a0\u00a0\u00a0 \u00a0 \u00a0 \u00a0 \u00a0 \u00a0\u00a0\u00a0\u00a0\u00a0\u00a0\u00a0\u00a0\u00a0\u00a0\u00a0\u00a0\u00a0\u00a0\u00a0\u00a0\u00a0\u00a0\u00a0\u00a0\u00a0\u00a0\u00a0\u00a0\u00a0\u00a0\u00a0 21.9.-16.10.<\/li>\n<li>Antti Tanttu\u00a0\u00a0\u00a0\u00a0 \u00a0\u00a0\u00a0\u00a0\u00a0\u00a0\u00a0\u00a0\u00a0\u00a0\u00a0\u00a0\u00a0\u00a0\u00a0\u00a0\u00a0\u00a0\u00a0\u00a0\u00a0\u00a0\u00a0\u00a0\u00a0\u00a0\u00a0\u00a0\u00a0\u00a0\u00a0\u00a0 \u00a0\u00a0\u00a0\u00a0\u00a0\u00a0\u00a0\u00a0\u00a0\u00a0\u00a0\u00a0\u00a0\u00a0\u00a0\u00a0\u00a0\u00a0\u00a0\u00a0\u00a0\u00a0\u00a0\u00a0\u00a0\u00a0\u00a0\u00a0 19.10.-13.11.<\/li>\n<li>Taru Juvakka\u00a0\u00a0\u00a0\u00a0\u00a0\u00a0\u00a0\u00a0\u00a0\u00a0\u00a0\u00a0\u00a0\u00a0\u00a0\u00a0\u00a0\u00a0\u00a0\u00a0\u00a0\u00a0\u00a0\u00a0\u00a0\u00a0\u00a0\u00a0\u00a0\u00a0\u00a0\u00a0\u00a0\u00a0 \u00a0\u00a0\u00a0\u00a0\u00a0\u00a0\u00a0\u00a0\u00a0\u00a0\u00a0\u00a0\u00a0\u00a0\u00a0\u00a0\u00a0\u00a0\u00a0\u00a0\u00a0\u00a0\u00a0\u00a0\u00a0\u00a0\u00a0\u00a0 16.11-11.12.<\/li>\n<li>Taru Salonen\u00a0\u00a0 \u00a0\u00a0\u00a0\u00a0\u00a0\u00a0\u00a0\u00a0\u00a0\u00a0\u00a0\u00a0\u00a0\u00a0\u00a0\u00a0\u00a0\u00a0\u00a0\u00a0\u00a0\u00a0\u00a0\u00a0\u00a0\u00a0\u00a0\u00a0\u00a0\u00a0\u00a0\u00a0 \u00a0\u00a0\u00a0\u00a0\u00a0\u00a0\u00a0\u00a0\u00a0\u00a0\u00a0\u00a0\u00a0\u00a0\u00a0\u00a0\u00a0\u00a0\u00a0\u00a0\u00a0\u00a0\u00a0\u00a0\u00a0\u00a0\u00a0\u00a0 14.12-8.1.2023<\/li>\n<\/ul>","protected":false},"excerpt":{"rendered":"<p>UTST\u00c4LLNINGAR 2023 2023 fyller \u00c5bo Konstgrafiker rf 90 \u00e5r. D\u00e4rf\u00f6r visas grafiken extra mycket i utst\u00e4llningar. 11.1.\u20145.2. Appe Lepp\u00e4nen\u00a0https:\/\/appeleppanen.wordpress.com\/ 8.2.\u20145.3. Laura Pohjonen\u00a0https:\/\/kuvataiteilijamatrikkeli.fi\/taiteilija\/laura-pohjonen 8.3.\u20142.4. Pirjetta Brander ja Janne Laine\u00a0https:\/\/pirjettabrander.com\/\u00a0https:\/\/www.jannelaine.net\/ 5.4.\u201430.4. Tuukka &#8230;<\/p>\n","protected":false},"author":4,"featured_media":0,"parent":255,"menu_order":0,"comment_status":"closed","ping_status":"closed","template":"","meta":{"footnotes":""},"class_list":["post-3131","page","type-page","status-publish","hentry","no-post-thumbnail"],"_links":{"self":[{"href":"https:\/\/turun-taidegraafikot.fi\/sv\/wp-json\/wp\/v2\/pages\/3131","targetHints":{"allow":["GET"]}}],"collection":[{"href":"https:\/\/turun-taidegraafikot.fi\/sv\/wp-json\/wp\/v2\/pages"}],"about":[{"href":"https:\/\/turun-taidegraafikot.fi\/sv\/wp-json\/wp\/v2\/types\/page"}],"author":[{"embeddable":true,"href":"https:\/\/turun-taidegraafikot.fi\/sv\/wp-json\/wp\/v2\/users\/4"}],"replies":[{"embeddable":true,"href":"https:\/\/turun-taidegraafikot.fi\/sv\/wp-json\/wp\/v2\/comments?post=3131"}],"version-history":[{"count":2,"href":"https:\/\/turun-taidegraafikot.fi\/sv\/wp-json\/wp\/v2\/pages\/3131\/revisions"}],"predecessor-version":[{"id":3492,"href":"https:\/\/turun-taidegraafikot.fi\/sv\/wp-json\/wp\/v2\/pages\/3131\/revisions\/3492"}],"up":[{"embeddable":true,"href":"https:\/\/turun-taidegraafikot.fi\/sv\/wp-json\/wp\/v2\/pages\/255"}],"wp:attachment":[{"href":"https:\/\/turun-taidegraafikot.fi\/sv\/wp-json\/wp\/v2\/media?parent=3131"}],"curies":[{"name":"wp","href":"https:\/\/api.w.org\/{rel}","templated":true}]}}