{"id":2710,"date":"2022-11-14T13:52:38","date_gmt":"2022-11-14T11:52:38","guid":{"rendered":"https:\/\/turun-taidegraafikot.fi\/?page_id=2710"},"modified":"2026-04-12T14:32:25","modified_gmt":"2026-04-12T11:32:25","slug":"kurssit","status":"publish","type":"page","link":"https:\/\/turun-taidegraafikot.fi\/sv\/kurssit\/","title":{"rendered":"Kurser"},"content":{"rendered":"<div id=\"cs-content\" class=\"cs-content\"><div class=\"x-section e2710-e1 m23a-0 m23a-1 m23a-2\"><div class=\"x-row e2710-e2 m23a-6 m23a-7 m23a-a\"><div class=\"x-row-inner\"><div class=\"x-col e2710-e3 m23a-i\"><span class=\"x-image e2710-e4 m23a-j\"><img decoding=\"async\" src=\"https:\/\/turun-taidegraafikot.fi\/wp-content\/uploads\/2025\/12\/image_67194369-scaled.jpg\" width=\"2560\" height=\"1376\" alt=\"Image\" loading=\"lazy\"><\/span><\/div><\/div><\/div><\/div><div class=\"x-section e2710-e5 m23a-0 m23a-3 m23a-4\"><div class=\"x-row x-container max width e2710-e6 m23a-6 m23a-8 m23a-b m23a-c\"><div class=\"x-row-inner\"><div class=\"x-col e2710-e7 m23a-i\"><div class=\"x-text x-content e2710-e8 m23a-k\"><p>Turun Taidegraafikoiden kurssit jatkuvat Rettigin pajalla l&auml;hinn&auml; viikonloppukursseina. Kursseille voit osallistua, vaikkei sinulla ole aiempaa kokemusta grafiikan tekemisest&auml;. P&auml;tev&auml;t opettajamme neuvovat sinua vakaalla ammattitaidolla upealla grafiikanpajallamme. Kursseilta saat kaikki tarvittavat materiaalit ja v&auml;lineet. Tervetuloa!<\/p><\/div><div class=\"x-text x-content e2710-e9 m23a-k\"><p>Grafiikan kurssit j&auml;rjestet&auml;&auml;n Rettigin pajalla osoitteessa Nunnankatu 4, Turku, 4 krs., ellei kurssin yhteydess&auml; muuta ilmoiteta.<\/p><\/div><div class=\"x-text x-content e2710-e10 m23a-k\"><p>Sitovat ilmoittautumiset kursseille: kurssit.ttg@gmail.com<\/p>\n<p>Huomioithan, ett&auml; kurssille ilmoittautuminen on sitova. Maksettuja kurssimaksuja ei palauteta. <a href=\"https:\/\/turun-taidegraafikot.fi\/en\/kurssit\/#peruutusehdot\">Katso peruutusehdot &gt;<\/a> <br \/><br \/><\/p><\/div><\/div><\/div><\/div><\/div><div class=\"x-section e2710-e11 m23a-0 m23a-1 m23a-4\"><div class=\"x-row x-container max width e2710-e12 m23a-6 m23a-8 m23a-b m23a-d\"><div class=\"x-row-inner\"><div class=\"x-col e2710-e13 m23a-i\"><div class=\"x-text x-text-headline e2710-e14 m23a-l\"><div class=\"x-text-content\"><div class=\"x-text-content-text\"><h2 class=\"x-text-content-text-primary\">kev&auml;&auml;n 2026 kurssit<\/h2><\/div><\/div><\/div><div class=\"x-acc e2710-e15 m23a-m\" id=\"x-acc-e2710-e15\"><div class=\"e2710-e16 x-acc-item\"><button id=\"tab-e2710-e16\" class=\"x-acc-header\" role=\"button\" type=\"button\" aria-expanded=\"false\" aria-controls=\"panel-e2710-e16\" data-x-toggle=\"collapse\" data-x-toggleable=\"e2710-e16\"><span class=\"x-acc-header-content\"><span class=\"x-acc-header-indicator\">&#x25b8;<\/span><span class=\"x-acc-header-text\">24.\u201325.1. Kartonkigrafiikka \/ Mehut\u00f6lkkigrafiikka<\/span><\/span><\/button><div id=\"panel-e2710-e16\" role=\"region\" aria-hidden=\"true\" aria-labelledby=\"tab-e2710-e16\" data-x-toggleable=\"e2710-e16\" data-x-toggle-collapse=\"1\" class=\"x-collapsed\"><div class=\"x-acc-content\"><p>Opettaja: Suvi Toivoniemi<br \/>\nla-su klo 10\u201315<\/p>\n<p>Mehut\u00f6lkkigrafiikka on kartonkigrafiikan muoto, jossa painolaattoina k\u00e4ytet\u00e4\u00e4n vanhoja mehut\u00f6lkkej\u00e4. Kartonki on pehme\u00e4 materiaali, joten sen kaivertaminen ja ty\u00f6st\u00e4minen on helppoa. Kartonkiin kaiverretaan kuivaneulan tapaan ja lis\u00e4ksi sit\u00e4 pystyy leikkelem\u00e4\u00e4n helposti eri muotoihin. Vedoksiin pystyy lis\u00e4ksi painettaessa saamaan kauniita v\u00e4ris\u00e4vyj\u00e4 ja s\u00e4vyjen vaihteluita.<\/p>\n<p>Hinta 80 euroa \/ viikonloppu. Ilmoittautumiset 17.1. menness\u00e4 kurssit.ttg@gmail.com. Maksu 10.1. menness\u00e4 TTG:n tilille FI13 8146 9710 2272 64, viitenumero 602.<\/p><\/div><\/div><\/div><div class=\"e2710-e17 x-acc-item\"><button id=\"tab-e2710-e17\" class=\"x-acc-header\" role=\"button\" type=\"button\" aria-expanded=\"false\" aria-controls=\"panel-e2710-e17\" data-x-toggle=\"collapse\" data-x-toggleable=\"e2710-e17\"><span class=\"x-acc-header-content\"><span class=\"x-acc-header-indicator\">&#x25b8;<\/span><span class=\"x-acc-header-text\">13.\u201315.3. Fotopolymeeri<\/span><\/span><\/button><div id=\"panel-e2710-e17\" role=\"region\" aria-hidden=\"true\" aria-labelledby=\"tab-e2710-e17\" data-x-toggleable=\"e2710-e17\" data-x-toggle-collapse=\"1\" class=\"x-collapsed\"><div class=\"x-acc-content\"><p>Opettaja: Sara Manninen <br \/>\npe 18\u201320, la-su klo 10\u201315<\/p>\n<p>Kurssilla k\u00e4yd\u00e4\u00e4n l\u00e4pi fotopolymeerigrafiikan eri ty\u00f6vaiheet. Fotopolymeeri on taidegrafiikan tekniikka, jossa valottamalla voidaan siirt\u00e4\u00e4 valokuvia painolaatalle. Kurssilla valmistetaan painolaattoja k\u00e4ytt\u00e4m\u00e4ll\u00e4 UV-valoherkk\u00e4\u00e4 fotopolymeerifilmi\u00e4, joka laminoidaan painolaatan pintaan. Kuvan digitaalinen muokkaaminen ei kuulu kurssin sis\u00e4lt\u00f6\u00f6n. Ty\u00f6skentelyn l\u00e4ht\u00f6kohtana voidaan k\u00e4ytt\u00e4\u00e4 valokuvia ja piirustuksia. Osallistujat tuovat oman kuvamateriaalin kalvolle tulostettuna. Tarkempi ohjeistus kuvamateriaalista l\u00e4hetet\u00e4\u00e4n l\u00e4hemp\u00e4n\u00e4 kurssin alkua.<\/p>\n<p><br \/>\nHinta 90 euroa \/ viikonloppu. Ilmoittautumiset 27.2. menness\u00e4 kurssit.ttg@gmail.com. Maksu 27.2. menness\u00e4 TTG:n tilille FI1381469710227264, viitenumero 615.<\/p><\/div><\/div><\/div><div class=\"e2710-e18 x-acc-item\"><button id=\"tab-e2710-e18\" class=\"x-acc-header\" role=\"button\" type=\"button\" aria-expanded=\"false\" aria-controls=\"panel-e2710-e18\" data-x-toggle=\"collapse\" data-x-toggleable=\"e2710-e18\"><span class=\"x-acc-header-content\"><span class=\"x-acc-header-indicator\">&#x25b8;<\/span><span class=\"x-acc-header-text\">20.\u201322.3. Monotypia<\/span><\/span><\/button><div id=\"panel-e2710-e18\" role=\"region\" aria-hidden=\"true\" aria-labelledby=\"tab-e2710-e18\" data-x-toggleable=\"e2710-e18\" data-x-toggle-collapse=\"1\" class=\"x-collapsed\"><div class=\"x-acc-content\"><p>Opettaja: Miina Laine<br \/>\npe 18\u201320, la-su klo 10\u201315<\/p>\n<p>Kurssilla opitaan monotypiatekniikan perusteet. Kurssilla l\u00e4hdet\u00e4\u00e4n liikkeelle monotypian perusideasta ja ty\u00f6skennell\u00e4\u00e4n silt\u00e4 pohjalta. Ty\u00f6st\u00e4mme kuvia offset-pellille piirt\u00e4en ja maalaten. Ty\u00f6skentelyv\u00e4linein\u00e4 ovat erilaiset tikut, pensselit, paperit ja kankaat. Laatan painaminen tapahtuu syv\u00e4painopr\u00e4ssill\u00e4. Aiheeksi voi muodostua periaatteessa mik\u00e4 vain. Miina Laine kertoo my\u00f6s omista ty\u00f6skentelytavoistaan, ymp\u00e4rist\u00f6n kokemuksesta sek\u00e4 muistikuvien k\u00e4yt\u00f6st\u00e4 osana ty\u00f6skentelyprosessia.<\/p>\n<p>Hinta 90 euroa \/ viikonloppu. Ilmoittautumiset 13.3. menness\u00e4 kurssit.ttg@gmail.com. Maksu 13.3. menness\u00e4 TTG:n tilille FI1381469710227264, viitenumero 628.<\/p><\/div><\/div><\/div><div class=\"e2710-e19 x-acc-item\"><button id=\"tab-e2710-e19\" class=\"x-acc-header\" role=\"button\" type=\"button\" aria-expanded=\"false\" aria-controls=\"panel-e2710-e19\" data-x-toggle=\"collapse\" data-x-toggleable=\"e2710-e19\"><span class=\"x-acc-header-content\"><span class=\"x-acc-header-indicator\">&#x25b8;<\/span><span class=\"x-acc-header-text\">27.\u201329.3. Mezzotinton jatkokurssi<\/span><\/span><\/button><div id=\"panel-e2710-e19\" role=\"region\" aria-hidden=\"true\" aria-labelledby=\"tab-e2710-e19\" data-x-toggleable=\"e2710-e19\" data-x-toggle-collapse=\"1\" class=\"x-collapsed\"><div class=\"x-acc-content\"><p>Opettaja: Petra Kallio<br \/>\npe 18\u201320, la-su klo 10\u201315<\/p>\n<p>Mezzotinto on vanha metalligrafiikan menetelm\u00e4, jossa metallilaatta karhennetaan pinnastaan, ja johon kuva t\u00e4m\u00e4n j\u00e4lkeen kiillotetaan painettavaksi. V\u00e4ri tarttuu vedostusvaiheessa laatan karheimpiin kohtiin ja j\u00e4tt\u00e4en kiillotetut kohdat vaaleammiksi. Lopuksi kuva painetaan syv\u00e4painopr\u00e4ssin avulla kostealle paperille.<\/p>\n<p>Mezzotintolla pystyt\u00e4\u00e4n aikaansaamaan runsas s\u00e4vykartta ja sen j\u00e4lki on taianomaisen pehme\u00e4. Laatan ty\u00f6st\u00f6\u00f6n k\u00e4ytet\u00e4\u00e4n kaarevaa hienohampaista rouhinta, jota useaan kertaan levyn yli liikuttamalla saadaan aikaan samettimainen t\u00e4ysin mustana toistuva aiheen tausta. Kuva syntyy pintaan tasoittamalla karheutta kalvimella ja kiillotusraudalla, ja mit\u00e4 enemm\u00e4n pintaa silotetaan, sit\u00e4 vaaleampi s\u00e4vy saadaan aikaan.<\/p>\n<p>T\u00e4ysin kiilt\u00e4v\u00e4 pinta on aivan puhtaan paperin v\u00e4rinen. Ty\u00f6skentely tapahtuu siis tummasta vaaleaan, toisin kun muissa metalligrafiikan tekniikoissa.<\/p>\n<p>Kurssi sopii mezzotinton alkeiskurssilla olleille sek\u00e4 ensikertalaisille.<\/p>\n<p>Hinta 90 euroa \/ viikonloppu. Ilmoittautumiset 23.3. menness\u00e4 kurssit.ttg@gmail.com. Maksu 23.3. menness\u00e4 TTG:n tilille FI1381469710227264, viitenumero 631.<\/p><\/div><\/div><\/div><div class=\"e2710-e20 x-acc-item\"><button id=\"tab-e2710-e20\" class=\"x-acc-header\" role=\"button\" type=\"button\" aria-expanded=\"false\" aria-controls=\"panel-e2710-e20\" data-x-toggle=\"collapse\" data-x-toggleable=\"e2710-e20\"><span class=\"x-acc-header-content\"><span class=\"x-acc-header-indicator\">&#x25b8;<\/span><span class=\"x-acc-header-text\">10.\u201312.4. Valokuvapohjainen serigrafia<\/span><\/span><\/button><div id=\"panel-e2710-e20\" role=\"region\" aria-hidden=\"true\" aria-labelledby=\"tab-e2710-e20\" data-x-toggleable=\"e2710-e20\" data-x-toggle-collapse=\"1\" class=\"x-collapsed\"><div class=\"x-acc-content\"><p>Opettaja: Jone Mutka<br \/>\npe 17.15\u201320.30, la-su klo 10\u201316<\/p>\n<p><span>Kurssilla opit valmistamaan tekniikkaan tarvitsemat filmioriginaalit ja vedostamaan valitsemastasi valokuvasta serigrafiavedoksen. Valokuvasta erotellaan ja rasteroidaan CMYK-v\u00e4rit, jotka painetaan yksi kerrallaan p\u00e4\u00e4llekk\u00e4in valitsemallesi paperille. Lopputuloksena on valokuvalta n\u00e4ytt\u00e4v\u00e4 taidegrafiikan vedos. My\u00f6s\u00a0 ty\u00f6skentely piirustuksen ja maalauksen l\u00e4ht\u00f6kohdista on mahdollista.<\/span><\/p>\n<p>T\u00e4ll\u00e4 kurssilla opitaan perustaidot serigrafialla ty\u00f6skentelyyn aina kuvafilmien ty\u00f6st\u00e4misest\u00e4 seulojen valmistukseen, teosten vedostukseen ja ty\u00f6v\u00e4lineiden huoltoon. Tekniikka perustuu erilaisten muotojen ja kuvioiden valotukseen valoherk\u00e4ll\u00e4 emulsiolla peitetylle silkille. Yksinkertaisuudessaan muotojen peitt\u00e4m\u00e4t alueet j\u00e4\u00e4v\u00e4t auki, joiden l\u00e4pi v\u00e4ri saadaan painettua seulan l\u00e4pi paperille tai muulle valitulle materiaalille.<\/p>\n<p>Kurssille otetaan max 8 osallistujaa. Hinta 95 euroa \/ viikonloppu. Ilmoittautumiset 5.4. menness\u00e4 <a href=\"mailto:kurssit.ttg@gmail.com\">kurssit.ttg@gmail.com<\/a>. Maksu 5.4. menness\u00e4 TTG:n tilille FI1381469710227264, viitenumero 644.<\/p><\/div><\/div><\/div><div class=\"e2710-e21 x-acc-item\"><button id=\"tab-e2710-e21\" class=\"x-acc-header\" role=\"button\" type=\"button\" aria-expanded=\"false\" aria-controls=\"panel-e2710-e21\" data-x-toggle=\"collapse\" data-x-toggleable=\"e2710-e21\"><span class=\"x-acc-header-content\"><span class=\"x-acc-header-indicator\">&#x25b8;<\/span><span class=\"x-acc-header-text\">17.\u201319.4. Puupiirros<\/span><\/span><\/button><div id=\"panel-e2710-e21\" role=\"region\" aria-hidden=\"true\" aria-labelledby=\"tab-e2710-e21\" data-x-toggleable=\"e2710-e21\" data-x-toggle-collapse=\"1\" class=\"x-collapsed\"><div class=\"x-acc-content\"><p>Opettaja: Teija Lehto<br \/>\npe 18\u201320, la, su 10\u201316<\/p>\n<p>Perjantaina kurssilla tutustutaan v\u00e4ripuupiirroksen kahteen eri tekniikkaan: useamman laatan k\u00e4ytt\u00f6\u00f6n sek\u00e4 yhden laatan tekniikkaan. N\u00e4ist\u00e4 kahdesta valitaan jompikumpi. Usean laatan tekniikassa eri v\u00e4reille on omat laatat, yhden laatan tekniikassa samaa laattaa ty\u00f6stet\u00e4\u00e4n vuoroin vedostamalla ja kaivertamalla.<br \/>\nKoska aika on rajallinen, teoksen koko ei voi olla kovin suuri, maksimissaan A4. Jos k\u00e4sien voima ei riit\u00e4 puun kaivertamiseen, niin tarjolla on pehme\u00e4mp\u00e4\u00e4 vaahtopvc-laattaa.<\/p>\n<p>Puupiirrostekniikan voima on kuvan pelkist\u00e4misess\u00e4, mieti kuva, jossa ei ole liikaa yksityiskohtia. Kuva voi olla l\u00e4hitutkielma (vaikkapa k\u00e4vyst\u00e4 tai viiniryp\u00e4letertusta) tai sitten vaikkapa voimakkaasti pelkistetty maiseman\u00e4kym\u00e4.<\/p>\n<p>Hinta 90 euroa \/ viikonloppu. Ilmoittautumiset 12.4. menness\u00e4<a href=\"mailto:kurssit.ttg@gmail.com\"><span> kurssit.ttg@gmail.com<\/span><\/a><span>.<\/span> Maksu <span>12.4. <\/span>menness\u00e4 TTG:n tilille FI13 8146 9710 2272 64, viitenumero 657.<\/p><\/div><\/div><\/div><div class=\"e2710-e22 x-acc-item\"><button id=\"tab-e2710-e22\" class=\"x-acc-header\" role=\"button\" type=\"button\" aria-expanded=\"false\" aria-controls=\"panel-e2710-e22\" data-x-toggle=\"collapse\" data-x-toggleable=\"e2710-e22\"><span class=\"x-acc-header-content\"><span class=\"x-acc-header-indicator\">&#x25b8;<\/span><span class=\"x-acc-header-text\">25.\u201326.4. Akvarelligrafiikka<\/span><\/span><\/button><div id=\"panel-e2710-e22\" role=\"region\" aria-hidden=\"true\" aria-labelledby=\"tab-e2710-e22\" data-x-toggleable=\"e2710-e22\" data-x-toggle-collapse=\"1\" class=\"x-collapsed\"><div class=\"x-acc-content\"><p>Opettaja: Suvi Toivoniemi<br \/>\nla klo 10\u201315, su klo 10\u201314<\/p>\n<p>Akvarelligrafiikka on helppo grafiikan tekniikka, jossa painov\u00e4rein\u00e4 k\u00e4ytet\u00e4\u00e4n ihan tavallisia vesiv\u00e4rej\u00e4. Kuva kaiverretaan ensin puulle, jonka j\u00e4lkeen laattaa painetaan vesiv\u00e4rej\u00e4\/guasseja k\u00e4ytt\u00e4m\u00e4ll\u00e4. Lopullisessa painokuvassa voi olla useita v\u00e4rej\u00e4 ja s\u00e4vyj\u00e4, vaikka kaiverrettuja painolaattoja on vain yksi. Painetusta kuvasta tulee vesiv\u00e4rim\u00e4isen herkk\u00e4 ja puun kuviot n\u00e4kyv\u00e4t siin\u00e4 kauniisti. Tekniikka on todella helppo ja hauska ja se sopii sek\u00e4 vasta-alkajille, ett\u00e4 grafiikkaa harrastaneille. T\u00e4t\u00e4 tekniikkaa pystyy helposti jatkamaan my\u00f6s kotona.<\/p>\n<p>Hinta 80 euroa \/ viikonloppu. Ilmoittautumiset 19.4. menness\u00e4 kurssit.ttg@gmail.com. Maksu 19.4. menness\u00e4 TTG:n tilille FI13 8146 9710 2272 64, viitenumero 660.<\/p><\/div><\/div><\/div><div class=\"e2710-e23 x-acc-item\"><button id=\"tab-e2710-e23\" class=\"x-acc-header\" role=\"button\" type=\"button\" aria-expanded=\"false\" aria-controls=\"panel-e2710-e23\" data-x-toggle=\"collapse\" data-x-toggleable=\"e2710-e23\"><span class=\"x-acc-header-content\"><span class=\"x-acc-header-indicator\">&#x25b8;<\/span><span class=\"x-acc-header-text\">22.\u201324.5. Elektro-etsaus j\u00e4senist\u00f6lle<\/span><\/span><\/button><div id=\"panel-e2710-e23\" role=\"region\" aria-hidden=\"true\" aria-labelledby=\"tab-e2710-e23\" data-x-toggleable=\"e2710-e23\" data-x-toggle-collapse=\"1\" class=\"x-collapsed\"><div class=\"x-acc-content\"><p>Opettaja: Emilia Telese<br \/>\npe 18\u201320, la - su klo 10\u201315<\/p>\n<p>Kurssilla tutustutaan elektro-etsaus menetelm\u00e4\u00e4n, joka on myrkyt\u00f6n etsaus-tekniikka. Tekniikassa etsaus tapahtuu rautakloridin sijaan s\u00e4hk\u00f6ll\u00e4 ja suolavedell\u00e4. Kurssin kieli on englanti ja suomi.<\/p>\n<p><br \/>\nKurssille voivat ilmoittautua TTG:n j\u00e4senet.<br \/>\nIlmoittautumiset: kurssit.ttg@gmail.com<\/p><\/div><\/div><\/div><\/div><\/div><\/div><\/div><\/div><div class=\"x-section e2710-e24 m23a-0 m23a-4 m23a-5\"><div class=\"x-row x-container max width e2710-e25 m23a-6 m23a-8 m23a-b m23a-e\"><div class=\"x-row-inner\"><div class=\"x-col e2710-e26 m23a-i\"><\/div><\/div><\/div><\/div><div class=\"x-section e2710-e27 m23a-0 m23a-1 m23a-4\"><div class=\"x-row x-container max width e2710-e28 m23a-6 m23a-8 m23a-b m23a-f\"><div class=\"x-row-inner\"><div class=\"x-col e2710-e29 m23a-i\"><div class=\"x-text x-text-headline e2710-e30 m23a-l\"><div class=\"x-text-content\"><div class=\"x-text-content-text\"><h2 class=\"x-text-content-text-primary\">&nbsp;syksyn 2026 kurssit<\/h2><\/div><\/div><\/div><div class=\"x-acc e2710-e31 m23a-m\" id=\"x-acc-e2710-e31\"><div class=\"e2710-e32 x-acc-item\"><button id=\"tab-e2710-e32\" class=\"x-acc-header\" role=\"button\" type=\"button\" aria-expanded=\"false\" aria-controls=\"panel-e2710-e32\" data-x-toggle=\"collapse\" data-x-toggleable=\"e2710-e32\"><span class=\"x-acc-header-content\"><span class=\"x-acc-header-indicator\">&#x25b8;<\/span><span class=\"x-acc-header-text\">4.\u20136.9. Kopiografiikka<\/span><\/span><\/button><div id=\"panel-e2710-e32\" role=\"region\" aria-hidden=\"true\" aria-labelledby=\"tab-e2710-e32\" data-x-toggleable=\"e2710-e32\" data-x-toggle-collapse=\"1\" class=\"x-collapsed\"><div class=\"x-acc-content\"><p>Opettaja:\u00a0Jone Mutka<br \/>\npe 18\u201320, la, su klo 10\u201315<\/p>\n<p>Kopiografiikka on helposti opittava ja luova tapa tehd\u00e4 uniikkeja taidegrafiikan vedoksia. Tekniikkaan tarvitaan ainoastaan lasertulosteita, arabikumia ja painov\u00e4ri\u00e4. Parhaiten tekniikkaan soveltuvat valokuvat vahvalla kontrastilla tai laserkopiot vaikkapa omista mustavalkoisista piirustuksista. Tekniikka perustuu siihen, ett\u00e4 arabikumin avulla painov\u00e4ri kiinnittyy paperitulosteessa niihin kohtiin miss\u00e4 tulosteessa on kuvaa, kun taas paperin v\u00e4riset kohdat j\u00e4\u00e4v\u00e4t ilman painov\u00e4ri\u00e4.<\/p>\n<p>Hinta 90 euroa \/ viikonloppu. Ilmoittautumiset 21.8. menness\u00e4 kurssit.ttg@gmail.com. Maksu 21.8. menness\u00e4 TTG:n tilille FI1381469710227264, viitenumero 673.<\/p><\/div><\/div><\/div><div class=\"e2710-e33 x-acc-item\"><button id=\"tab-e2710-e33\" class=\"x-acc-header\" role=\"button\" type=\"button\" aria-expanded=\"false\" aria-controls=\"panel-e2710-e33\" data-x-toggle=\"collapse\" data-x-toggleable=\"e2710-e33\"><span class=\"x-acc-header-content\"><span class=\"x-acc-header-indicator\">&#x25b8;<\/span><span class=\"x-acc-header-text\">19.\u201320.9. Gelli-painanta<\/span><\/span><\/button><div id=\"panel-e2710-e33\" role=\"region\" aria-hidden=\"true\" aria-labelledby=\"tab-e2710-e33\" data-x-toggleable=\"e2710-e33\" data-x-toggle-collapse=\"1\" class=\"x-collapsed\"><div class=\"x-acc-content\"><p>Opettaja: Suvi Toivoniemi<br \/>\nla 10\u201315, su 10\u201314<\/p>\n<p>Kurssilla tehd\u00e4\u00e4n monotypiaa geelim\u00e4isen levyn, gelli-levyn, avulla. V\u00e4rein\u00e4 k\u00e4yt\u00e4mme akryyliv\u00e4rej\u00e4. Gelli-painanta on todella helppoa, yll\u00e4tyksellist\u00e4 ja nopeaa tehd\u00e4. K\u00e4ymme l\u00e4pi muutamia erilaisia tapoja ja tekniikoita painaa gelli-levyll\u00e4. Mink\u00e4\u00e4nlaista aiempaa kokemusta grafiikan tekemisest\u00e4 tai piirt\u00e4misest\u00e4 et tarvitse.<\/p>\n<p>Hinta 80 euroa \/ viikonloppu. Ilmoittautumiset 5.9. menness\u00e4 kurssit.ttg@gmail.com. Maksu 5.9. menness\u00e4 TTG:n tilille FI1381469710227264, viitenumero 686.<\/p><\/div><\/div><\/div><div class=\"e2710-e34 x-acc-item\"><button id=\"tab-e2710-e34\" class=\"x-acc-header\" role=\"button\" type=\"button\" aria-expanded=\"false\" aria-controls=\"panel-e2710-e34\" data-x-toggle=\"collapse\" data-x-toggleable=\"e2710-e34\"><span class=\"x-acc-header-content\"><span class=\"x-acc-header-indicator\">&#x25b8;<\/span><span class=\"x-acc-header-text\">23.\u201325.10. &amp; 6.\u20138.11. Litografia<\/span><\/span><\/button><div id=\"panel-e2710-e34\" role=\"region\" aria-hidden=\"true\" aria-labelledby=\"tab-e2710-e34\" data-x-toggleable=\"e2710-e34\" data-x-toggle-collapse=\"1\" class=\"x-collapsed\"><div class=\"x-acc-content\"><p>Opettaja:Taru Salonen<br \/>\npe klo 17.30\u201320.30, la-su klo 10\u201316. (molempina viikonloppuina)<\/p>\n<p><br \/>\nKivilitografia eli kivipiirros on taidegrafiikan tekniikka, jossa kuva piirret\u00e4\u00e4n tai maalataan rasvaisella v\u00e4rill\u00e4 kivilaatan pintaan. Menetelm\u00e4 perustuu siihen, ett\u00e4 vesi ja rasva hylkiv\u00e4t toisiaan. Ty\u00f6vaiheiden j\u00e4lkeen painov\u00e4ri telataan kiven kuvapinnalle ja vedostetaan kivipainopr\u00e4ssill\u00e4. Kivilitografia vaatii tarkkaa ty\u00f6vaiheiden noudattamista ja on aikaa viev\u00e4 menetelm\u00e4. Kivilitografian hallitsevat nyky\u00e4\u00e4n harvat taiteilijat ja kursseja j\u00e4rjestet\u00e4\u00e4n v\u00e4h\u00e4n.<\/p>\n<p><br \/>\n<strong>Kurssin kesto on kaksi viikonloppua.<\/strong> Aikaisempaa kokemusta taidegrafiikasta ei edellytet\u00e4. Kurssin aluksi hiotaan kivet, jonka j\u00e4lkeen piirret\u00e4\u00e4n kuva kivelle. Valmis luonnos nopeuttaa ty\u00f6skentely\u00e4. Piirroksen koko A4-A3. Kurssille otetaan max 8 osallistujaa.<\/p>\n<p><br \/>\nHinta 180 euroa. Ilmoittautumiset 9.10. menness\u00e4 kurssit.ttg@gmail.com. Maksu 9.10. menness\u00e4 TTG:n tilille FI1381469710227264, viitenumero 699.<\/p><\/div><\/div><\/div><div class=\"e2710-e35 x-acc-item\"><button id=\"tab-e2710-e35\" class=\"x-acc-header\" role=\"button\" type=\"button\" aria-expanded=\"false\" aria-controls=\"panel-e2710-e35\" data-x-toggle=\"collapse\" data-x-toggleable=\"e2710-e35\"><span class=\"x-acc-header-content\"><span class=\"x-acc-header-indicator\">&#x25b8;<\/span><span class=\"x-acc-header-text\">13.\u201315.11. Fotopolymeeri<\/span><\/span><\/button><div id=\"panel-e2710-e35\" role=\"region\" aria-hidden=\"true\" aria-labelledby=\"tab-e2710-e35\" data-x-toggleable=\"e2710-e35\" data-x-toggle-collapse=\"1\" class=\"x-collapsed\"><div class=\"x-acc-content\"><p>Opettaja: Sara Manninen<br \/>\npe 18\u201320, la - su klo 10\u201315<\/p>\n<p>Kurssilla k\u00e4yd\u00e4\u00e4n l\u00e4pi fotopolymeerigrafiikan eri ty\u00f6vaiheet. Fotopolymeeri on taidegrafiikan tekniikka, jossa valottamalla voidaan siirt\u00e4\u00e4 valokuvia painolaatalle. Kurssilla valmistetaan painolaattoja k\u00e4ytt\u00e4m\u00e4ll\u00e4 UV-valoherkk\u00e4\u00e4 fotopolymeerifilmi\u00e4, joka laminoidaan painolaatan pintaan. Kuvan digitaalinen muokkaaminen ei kuulu kurssin sis\u00e4lt\u00f6\u00f6n. Ty\u00f6skentelyn l\u00e4ht\u00f6kohtana voidaan k\u00e4ytt\u00e4\u00e4 valokuvia ja piirustuksia. Osallistujat tuovat oman kuvamateriaalin kalvolle tulostettuna. Tarkempi ohjeistus kuvamateriaalista l\u00e4hetet\u00e4\u00e4n l\u00e4hemp\u00e4n\u00e4 kurssin alkua.<\/p>\n<p>Hinta 90 euroa \/ viikonloppu. Ilmoittautumiset 30.10. menness\u00e4 kurssit.ttg@gmail.com. Maksu 30.10. menness\u00e4 TTG:n tilille FI1381469710227264, viitenumero 709.<\/p><\/div><\/div><\/div><div class=\"e2710-e36 x-acc-item\"><button id=\"tab-e2710-e36\" class=\"x-acc-header\" role=\"button\" type=\"button\" aria-expanded=\"false\" aria-controls=\"panel-e2710-e36\" data-x-toggle=\"collapse\" data-x-toggleable=\"e2710-e36\"><span class=\"x-acc-header-content\"><span class=\"x-acc-header-indicator\">&#x25b8;<\/span><span class=\"x-acc-header-text\">20.\u201322.11. Metalligrafiikka<\/span><\/span><\/button><div id=\"panel-e2710-e36\" role=\"region\" aria-hidden=\"true\" aria-labelledby=\"tab-e2710-e36\" data-x-toggleable=\"e2710-e36\" data-x-toggle-collapse=\"1\" class=\"x-collapsed\"><div class=\"x-acc-content\"><p>Opettaja: Petra Kallio<br \/>\npe 18\u201320, la - su klo 10\u201315<\/p>\n<p><br \/>\nKurssilla ty\u00f6skennell\u00e4\u00e4n eri sy\u00f6vytystekniikoin metalligrafiikkaa kuparilevylle. Menetelmin\u00e4 k\u00e4ytet\u00e4\u00e4n viivasy\u00f6vytyst\u00e4, pehme\u00e4pohjaa, akvatintaa ja laatan mekaanista ty\u00f6st\u00f6\u00e4 riippuen kunkin mielenkiinnosta ja kuva-aiheista sek\u00e4 aikaisemmasta kokemuksesta. Mahdollisuus my\u00f6s moniv\u00e4riseen akvatintasy\u00f6vytykseen kahden laatan tekniikalla.<\/p>\n<p><br \/>\nHinta 90 euroa \/ viikonloppu. Ilmoittautumiset 6.11. menness\u00e4 kurssit.ttg@gmail.com. Maksu 6.11. menness\u00e4 TTG:n tilille FI1381469710227264, viitenumero 712.<\/p><\/div><\/div><\/div><\/div><\/div><\/div><\/div><\/div><div class=\"x-section e2710-e37 m23a-0 m23a-1 m23a-4\"><div class=\"x-row x-container max width e2710-e38 m23a-6 m23a-8 m23a-9 m23a-b m23a-g\"><div class=\"x-row-inner\"><div class=\"x-col e2710-e39 m23a-i\"><\/div><\/div><\/div><\/div><div class=\"x-section e2710-e40 m23a-0 m23a-3 m23a-4\"><pre id=\"peruutusehdot\" class=\"x-code\" style=\"background-color: #fff;\"><code><\/code><\/pre><div class=\"x-row x-container max width e2710-e42 m23a-6 m23a-8 m23a-b m23a-h\"><div class=\"x-row-inner\"><div class=\"x-col e2710-e43 m23a-i\"><div class=\"x-text x-text-headline e2710-e44 m23a-l\"><div class=\"x-text-content\"><div class=\"x-text-content-text\"><h2 class=\"x-text-content-text-primary\">PERUUTUSEHDOT<\/h2><\/div><\/div><\/div><div class=\"x-text x-content e2710-e45 m23a-k\"><ul>\n<li>\n<p class=\"\" data-start=\"75\" data-end=\"252\">Jos perut osallistumisesi v&auml;hemm&auml;n kuin 14 vrk ennen kurssin alkua, olet velvollinen maksamaan kurssimaksun kyseisest&auml; perumastasi kurssista, vaikket siihen osallistuisikaan.<\/p>\n<\/li>\n<li>\n<p>Jos perut osallistumisesi silloin kun kurssin alkuun on yli 14 vrk ja sinulla on pakottava p&auml;tev&auml; syy perumiseesi, esim. sairastuminen, emme peri sinulta kurssimaksua. Mik&auml;li olet jo maksanut kurssimaksun, se luetaan hyv&auml;ksesi tulevissa kursseissa, joihin haluaisit osallistua, mutta emme palauta maksamaasi kurssimaksua. Kurssin maksamatta j&auml;tt&auml;minen tai kurssille tulematta j&auml;&auml;minen ei ole peruutus.<\/p>\n<\/li>\n<li>\n<p>Jos joudumme perumaan kurssin meist&auml; riippumattomista syist&auml; tai esim., jos kurssille ei tule riitt&auml;v&auml;sti ilmoittautuneita, palautamme maksamasi kurssimaksut tai voit halutessasi k&auml;ytt&auml;&auml; ne muiden kurssiemme maksuun.<\/p>\n<\/li>\n<\/ul><\/div><\/div><\/div><\/div><\/div><\/div>\n","protected":false},"excerpt":{"rendered":"<p>Turun Taidegraafikoiden kurssit jatkuvat Rettigin pajalla l&auml;hinn&auml; viikonloppukursseina. Kursseille voit osallistua, vaikkei sinulla ole aiempaa kokemusta grafiikan tekemisest&auml;. P&auml;tev&auml;t opettajamme neuvovat sinua vakaalla ammattitaidolla upealla grafiikanpajallamme. Kursseilta saat kaikki tarvittavat &#8230;<\/p>\n","protected":false},"author":2,"featured_media":0,"parent":0,"menu_order":60,"comment_status":"closed","ping_status":"closed","template":"template-layout-content-sidebar.php","meta":{"footnotes":""},"class_list":["post-2710","page","type-page","status-publish","hentry","no-post-thumbnail"],"_links":{"self":[{"href":"https:\/\/turun-taidegraafikot.fi\/sv\/wp-json\/wp\/v2\/pages\/2710","targetHints":{"allow":["GET"]}}],"collection":[{"href":"https:\/\/turun-taidegraafikot.fi\/sv\/wp-json\/wp\/v2\/pages"}],"about":[{"href":"https:\/\/turun-taidegraafikot.fi\/sv\/wp-json\/wp\/v2\/types\/page"}],"author":[{"embeddable":true,"href":"https:\/\/turun-taidegraafikot.fi\/sv\/wp-json\/wp\/v2\/users\/2"}],"replies":[{"embeddable":true,"href":"https:\/\/turun-taidegraafikot.fi\/sv\/wp-json\/wp\/v2\/comments?post=2710"}],"version-history":[{"count":459,"href":"https:\/\/turun-taidegraafikot.fi\/sv\/wp-json\/wp\/v2\/pages\/2710\/revisions"}],"predecessor-version":[{"id":6045,"href":"https:\/\/turun-taidegraafikot.fi\/sv\/wp-json\/wp\/v2\/pages\/2710\/revisions\/6045"}],"wp:attachment":[{"href":"https:\/\/turun-taidegraafikot.fi\/sv\/wp-json\/wp\/v2\/media?parent=2710"}],"curies":[{"name":"wp","href":"https:\/\/api.w.org\/{rel}","templated":true}]}}