{"id":255,"date":"2017-10-16T16:29:42","date_gmt":"2017-10-16T13:29:42","guid":{"rendered":"http:\/\/turun-taidegraafikot-fi.vserver.zonevs.eu\/?page_id=255"},"modified":"2026-03-24T15:14:39","modified_gmt":"2026-03-24T13:14:39","slug":"galleria-joella","status":"publish","type":"page","link":"https:\/\/turun-taidegraafikot.fi\/sv\/galleria-joella\/","title":{"rendered":"Galleria Joella"},"content":{"rendered":"<p>&nbsp;<\/p>\r\n<!-- \/wp:paragraph --><!-- \/wp:paragraph --><!-- \/wp:paragraph --><!-- \/wp:paragraph --><!-- \/wp:paragraph --><!-- \/wp:paragraph --><!-- \/wp:paragraph --><!-- \/wp:paragraph --><!-- \/wp:paragraph --><!-- \/wp:paragraph --><!-- \/wp:paragraph --><!-- \/wp:paragraph --><!-- \/wp:paragraph --><!-- \/wp:paragraph --><!-- \/wp:paragraph --><!-- \/wp:paragraph -->\r\n<p>F\u00f6reningens galleria, Galleria Joella, grundades \u00e5r 1986. Gallerian finns centralt bel\u00e4gen i \u00c5bo, vid stranden av Aura \u00e5. Galleria Joella \u00e4r en id\u00e9ell galleria, och d\u00e4r ordnas ungef\u00e4r 13 utst\u00e4llningar per \u00e5r med olika slags bildkonst.<\/p>\r\n<p>F\u00f6rutom normal galleriverksamhet, ordnar f\u00f6reningen \u00e5rligen egna tillst\u00e4llningar i gallerian, som tex f\u00f6rs\u00e4ljning av grafik och utst\u00e4llningar med tema hur grafiska konstverk produceras.<\/p>\r\n<p>F\u00f6reningen har ordnat m\u00e5nga samarbets utst\u00e4llningar med inhemska och utl\u00e4ndska konstn\u00e4rsgillen. Senaste \u00e5r med bland andra USA, Island, Hyvinge och Tammerfors konstn\u00e4rsgillen. Dessutom har Jyv\u00e4skyl\u00e4, Lahtis, Vasa, \u00c5lands och Uppsala konstgrafiker bes\u00f6kt Galleria Joella.<\/p>\r\n<p>De senaste \u00e5ren har man \u00e4ven bjudit in intressanta konstgrafiker till att h\u00e5lla privata utst\u00e4llningar i Galleria Joella.<\/p>\r\n<p><a href=\"https:\/\/turun-taidegraafikot.fi\/wp-content\/uploads\/2020\/05\/joella_pohjapiirros_fi.pdf\" target=\"_blank\" rel=\"noreferrer noopener\">Galleria Joellas bottenplan<\/a>\u00a0 \u00a0 \u00a0 \u00a0 \u00a0 \u00a0<\/p>\r\n<p>F\u00f6lj oss p\u00e5:<\/p>\r\n<p><a href=\"https:\/\/www.instagram.com\/galleriajoella\/\" target=\"_blank\" rel=\"noopener\"><img loading=\"lazy\" decoding=\"async\" class=\"alignleft wp-image-3188\" src=\"https:\/\/turun-taidegraafikot.fi\/wp-content\/uploads\/2023\/04\/PngItem_5111559-150x150.png\" alt=\"\" width=\"48\" height=\"50\" \/><\/a><a href=\"https:\/\/www.facebook.com\/GalleriaJoella\" target=\"_blank\" rel=\"noopener\"><img loading=\"lazy\" decoding=\"async\" class=\"alignleft wp-image-3190\" src=\"https:\/\/turun-taidegraafikot.fi\/wp-content\/uploads\/2023\/04\/PngItem_202475-300x300.png\" alt=\"\" width=\"45\" height=\"45\" srcset=\"https:\/\/turun-taidegraafikot.fi\/wp-content\/uploads\/2023\/04\/PngItem_202475-300x300.png 300w, https:\/\/turun-taidegraafikot.fi\/wp-content\/uploads\/2023\/04\/PngItem_202475-1024x1024.png 1024w, https:\/\/turun-taidegraafikot.fi\/wp-content\/uploads\/2023\/04\/PngItem_202475-150x150.png 150w, https:\/\/turun-taidegraafikot.fi\/wp-content\/uploads\/2023\/04\/PngItem_202475-768x768.png 768w, https:\/\/turun-taidegraafikot.fi\/wp-content\/uploads\/2023\/04\/PngItem_202475-100x100.png 100w, https:\/\/turun-taidegraafikot.fi\/wp-content\/uploads\/2023\/04\/PngItem_202475-864x864.png 864w, https:\/\/turun-taidegraafikot.fi\/wp-content\/uploads\/2023\/04\/PngItem_202475.png 1195w\" sizes=\"auto, (max-width: 45px) 100vw, 45px\" \/><\/a><\/p>\r\n<p>&nbsp;<\/p>\r\n<p>&nbsp;<\/p>\r\n<hr \/>\r\n<h4>UTST\u00c4LLNINGAR 2025<\/h4>\r\n<ul>\r\n<li>8.1.-2.2. Petra Kallio<\/li>\r\n<li>5.2.-2.3. Jarmo Koponen<\/li>\r\n<li>5.3.-30.3. Minna Parkkinen<\/li>\r\n<li>2.4.-27.4. Tiina Vainio<\/li>\r\n<li>30.4.-25.5. Rita Vargas<\/li>\r\n<li>28.5.-22.6. Aleksanteri J\u00e4rvenp\u00e4\u00e4<\/li>\r\n<li>25.6.-20.7. Ylva Holl\u00e4nder<\/li>\r\n<li>23.7.-17.8. TTG:n oma kes\u00e4n\u00e4yttely 14.8. taiteiden y\u00f6<\/li>\r\n<li>20.8.-14.9. Sini-Meri Hedberg<\/li>\r\n<li>17.9.-12.10. Tukholman vaihton\u00e4yttely<\/li>\r\n<li>15.10.-9.11. Juho Karjalainen<\/li>\r\n<li>12.11.-7.12. Maija Albrecht, Mikael Kihlman, Liina M\u00e4ki-Patola, Lars Nyberg<\/li>\r\n<li>10.12.-4.1.26 Helena Hartman<\/li>\r\n<\/ul>\r\n<hr \/>\r\n<h4>UTST\u00c4LLNINGAR 2026<\/h4>\r\n<ul>\r\n<li>7.1.\u20131.2.\u00a0 Arja Valkonen-Goldblad<\/li>\r\n<li>4.2.\u20131.3.\u00a0 Kirsimaria E. T\u00f6r\u00f6nen<\/li>\r\n<li>4.3.\u201329.3.\u00a0 Pia Salo<\/li>\r\n<li>1.4.\u201326.4.\u00a0 Raija Marttinen<\/li>\r\n<li>29.4.\u201324.5.\u00a0 Elina Koskimies<\/li>\r\n<li>27.5.\u201321.6.\u00a0 Marja Leena Eerola<\/li>\r\n<li>24.6.\u201319.7. \u00a0 Johanna Sinkkonen<\/li>\r\n<li>22.7.\u201316.8.\u00a0 Markku Haanp\u00e4\u00e4 ja Aki Suutari<\/li>\r\n<li>19.8.\u201313.9.\u00a0 Matti N\u00e4rekangas<\/li>\r\n<li>16.9.\u201311.10.\u00a0 Raija Korppila ja Juha Laakso<\/li>\r\n<li>14.10.\u20138.11.\u00a0 Nina Kerola ja Annette Hammar\u00e9n<\/li>\r\n<li>11.11.\u20136.12.\u00a0 Eero Merimaa<\/li>\r\n<li>9.12. \u201310.1.2027\u00a0 Sari Bremer<\/li>\r\n<\/ul>\r\n<h4>TIDIGARE UTST\u00c4LLNINGAR:<\/h4>\r\n<h4>2024<strong><br \/><\/strong><\/h4>\r\n<ul>\r\n<li>17.1.\u201311.2. <a href=\"https:\/\/mariakaisto.tumblr.com\/\">Maria Kaisto<\/a><\/li>\r\n<li>14.2.\u201310.3. <a href=\"https:\/\/www.tuuliautio.fi\/\">Tuuli Autio<\/a><\/li>\r\n<li>13.3.\u20137.4. <a href=\"https:\/\/henrituominen.com\/\">Henri Tuominen<\/a><\/li>\r\n<li>10.4.\u20135.5. <a href=\"https:\/\/kuvataiteilijamatrikkeli.fi\/taiteilija\/hanna-raty\">Hanna R\u00e4ty<\/a><\/li>\r\n<li>8.5.\u20132.6. <a href=\"https:\/\/www.marjopitko.com\/\">Marjo Pitko<\/a><\/li>\r\n<li>5.6.\u201330.6. <a href=\"https:\/\/kaisajussila.fi\/\">Kaisa Jussila<\/a><\/li>\r\n<li>3.7.\u201328.7. TTG:s egen sommarutst\u00e4llning<\/li>\r\n<li>31.7.\u201325.8. <a href=\"https:\/\/www.anniinavainionpaa.fi\/\">Anniina Vainionp\u00e4\u00e4<\/a><\/li>\r\n<li>28.8.\u201322.9. <a href=\"https:\/\/www.erkkinampajarvi.net\/\">Erkki Nampaj\u00e4rvi<\/a> (TTG:s medlem)<\/li>\r\n<li>25.9.\u201320.10. <a href=\"https:\/\/kuvataiteilijamatrikkeli.fi\/taiteilija\/teija-lehto\">Teija Lehto (TTG:s medlem)<\/a><\/li>\r\n<li>23.10\u201317.11.\u00a0\u00a0<a href=\"https:\/\/hannavaris.com\/\">Hanna Varis (TTG:s medlem)<\/a><\/li>\r\n<li>20.11.\u201315.12. <a href=\"https:\/\/kuvataiteilijamatrikkeli.fi\/taiteilija\/kuutti-lavonen\">Kuutti Lavonen<\/a><\/li>\r\n<li>18.12.\u20137.1.2025 <a href=\"https:\/\/bergvikforsander.com\/\">Annika Bervik-Forsander<\/a><\/li>\r\n<\/ul>\r\n<p>&nbsp;<\/p>\r\n<p><a href=\"https:\/\/turun-taidegraafikot.fi\/wp-content\/uploads\/2024\/02\/Menneet-nayttelyt-2015-2023.pdf\" target=\"_blank\" rel=\"noopener\">Tidigare utst\u00e4llningar 2015-2023 (pdf)<\/a><\/p>\r\n<p><!-- \/wp:paragraph --><\/p>\r\n<p><!-- wp:paragraph --><\/p>","protected":false},"excerpt":{"rendered":"<p>&nbsp; F\u00f6reningens galleria, Galleria Joella, grundades \u00e5r 1986. Gallerian finns centralt bel\u00e4gen i \u00c5bo, vid stranden av Aura \u00e5. Galleria Joella \u00e4r en id\u00e9ell galleria, och d\u00e4r ordnas ungef\u00e4r 13 &#8230;<\/p>\n","protected":false},"author":1,"featured_media":531,"parent":0,"menu_order":30,"comment_status":"closed","ping_status":"closed","template":"","meta":{"footnotes":""},"class_list":["post-255","page","type-page","status-publish","has-post-thumbnail","hentry"],"_links":{"self":[{"href":"https:\/\/turun-taidegraafikot.fi\/sv\/wp-json\/wp\/v2\/pages\/255","targetHints":{"allow":["GET"]}}],"collection":[{"href":"https:\/\/turun-taidegraafikot.fi\/sv\/wp-json\/wp\/v2\/pages"}],"about":[{"href":"https:\/\/turun-taidegraafikot.fi\/sv\/wp-json\/wp\/v2\/types\/page"}],"author":[{"embeddable":true,"href":"https:\/\/turun-taidegraafikot.fi\/sv\/wp-json\/wp\/v2\/users\/1"}],"replies":[{"embeddable":true,"href":"https:\/\/turun-taidegraafikot.fi\/sv\/wp-json\/wp\/v2\/comments?post=255"}],"version-history":[{"count":119,"href":"https:\/\/turun-taidegraafikot.fi\/sv\/wp-json\/wp\/v2\/pages\/255\/revisions"}],"predecessor-version":[{"id":6002,"href":"https:\/\/turun-taidegraafikot.fi\/sv\/wp-json\/wp\/v2\/pages\/255\/revisions\/6002"}],"wp:featuredmedia":[{"embeddable":true,"href":"https:\/\/turun-taidegraafikot.fi\/sv\/wp-json\/wp\/v2\/media\/531"}],"wp:attachment":[{"href":"https:\/\/turun-taidegraafikot.fi\/sv\/wp-json\/wp\/v2\/media?parent=255"}],"curies":[{"name":"wp","href":"https:\/\/api.w.org\/{rel}","templated":true}]}}