{"id":2,"date":"2017-07-19T10:30:36","date_gmt":"2017-07-19T07:30:36","guid":{"rendered":"https:\/\/turun-taidegraafikot.fi\/?page_id=2"},"modified":"2026-03-25T13:04:10","modified_gmt":"2026-03-25T11:04:10","slug":"about","status":"publish","type":"page","link":"https:\/\/turun-taidegraafikot.fi\/sv\/about\/","title":{"rendered":"Kontakt"},"content":{"rendered":"<h4>\u00c5BO KONSTGRAFIKER RF<\/h4>\r\n<!-- \/wp:post-content -->\r\n\r\n<!-- wp:paragraph -->\r\n<p><strong>Ordf\u00f6rande i styrelsen<\/strong><br \/>Teija Lehto<br \/>puh. 040 733 9253<br \/>teija.a.lehto@gmail.com<\/p>\r\n<p><strong>Gallerist\/Sekreterare\/Verkst\u00e4llande direkt\u00f6r<br \/><\/strong>Kirsi Suokas<br \/>Tel: 050 543 2672<br \/>ttg@turun-taidegraafikot.fi<\/p>\r\n<!-- \/wp:paragraph -->\r\n<p>&nbsp;<\/p>\r\n<!-- wp:paragraph -->\r\n<p>&nbsp;<\/p>\r\n<!-- wp:heading {\"level\":4} -->\r\n<h4>GALLERIA JOELLA<\/h4>\r\n<!-- \/wp:heading -->\r\n<p>&nbsp;<\/p>\r\n<!-- wp:paragraph -->\r\n<p>Adress: V\u00e4stra Strandgatan 21, 20100 \u00c5bo<br \/>\u00d6PPET: tis\u2013fre 12\u201318, l\u00f6r\u2013s\u00f6n 12\u201316<br \/>Tel: +358 46 920 0830<br \/><span style=\"font-size: inherit;\">E-post: galleriajoella@gmail.com<\/span><\/p>\r\n<p><!-- \/wp:paragraph -->\r\n\r\n<!-- wp:paragraph \/--><\/p>\r\n<!-- \/wp:paragraph -->\r\n<p>&nbsp;<\/p>\r\n<!-- wp:html -->\r\n<p><iframe loading=\"lazy\" style=\"border: 0;\" tabindex=\"0\" src=\"https:\/\/www.google.com\/maps\/embed?pb=!1m18!1m12!1m3!1d1967.8462466656924!2d22.26229425201972!3d60.447753727799494!2m3!1f0!2f0!3f0!3m2!1i1024!2i768!4f13.1!3m3!1m2!1s0x468c76fc3cb4c3bf%3A0xa77f9fbcd6b1887!2sL%C3%A4ntinen%20Rantakatu%2021%2C%2020100%20Turku!5e0!3m2!1sfi!2sfi!4v1586251934733!5m2!1sfi!2sfi\" width=\"600\" height=\"450\" frameborder=\"0\" allowfullscreen=\"allowfullscreen\" aria-hidden=\"false\"><\/iframe><\/p>\r\n<!-- \/wp:html -->\r\n<p>&nbsp;<\/p>\r\n<!-- wp:heading {\"level\":4} -->\r\n<h4>GRAFIKVERKSTADEN<\/h4>\r\n<p><strong>Verkstadsm\u00e4stare<br \/><\/strong>Inari Raaterova<br \/>Tel: 040 841 8136<br \/>E-post: inari.raaterova@gmail.com<br \/>Adress: Nunnegatan 4, 20500 \u00c5bo<br \/><br \/><\/p>\r\n<!-- \/wp:heading -->\r\n<p>&nbsp;<\/p>\r\n<!-- wp:html -->\r\n<p><iframe loading=\"lazy\" style=\"border: 0;\" src=\"https:\/\/www.google.com\/maps\/embed?pb=!1m18!1m12!1m3!1d1967.724635185368!2d22.272690315994303!3d60.44976128206482!2m3!1f0!2f0!3f0!3m2!1i1024!2i768!4f13.1!3m3!1m2!1s0x468c77288aa06db1%3A0xada66810e34b063c!2sTaiteen%20talo!5e0!3m2!1sfi!2sfi!4v1651922532458!5m2!1sfi!2sfi\" width=\"600\" height=\"450\" allowfullscreen=\"allowfullscreen\"><\/iframe><\/p>\r\n<!-- \/wp:html -->\r\n<h4><!-- \/wp:paragraph -->\r\n\r\n<!-- wp:html --><!-- \/wp:html -->\r\n\r\n<!-- wp:heading {\"level\":4} --><\/h4>\r\n<h4><!-- \/wp:html --><\/h4>\r\n<h4><!-- \/wp:html -->\r\n\r\n<!-- wp:heading {\"level\":4} --><\/h4>\r\n<h4><!-- \/wp:html --><\/h4>\r\n<h4><!-- wp:heading {\"level\":4} --><\/h4>\r\n<h4><!-- \/wp:html -->\r\n\r\n<!-- wp:heading {\"level\":4} --><\/h4>\r\n<h4><!-- wp:html --><\/h4>\r\n<h4><!-- \/wp:html -->\r\n\r\n<!-- wp:heading {\"level\":4} --><\/h4>\r\n<h4><!-- \/wp:html --><\/h4>\r\n<h4><!-- wp:html --><\/h4>\r\n<h4><!-- \/wp:html -->\r\n\r\n<!-- wp:heading {\"level\":4} --><\/h4>\r\n<h4><!-- \/wp:html --><\/h4>\r\n<h4><!-- wp:heading {\"level\":4} --><\/h4>\r\n<h4><!-- \/wp:html -->\r\n\r\n<!-- wp:heading {\"level\":4} --><\/h4>\r\n<h4><!-- \/wp:html -->\r\n\r\n<!-- wp:heading {\"level\":4} --><\/h4>\r\n<h4><!-- \/wp:html -->\r\n\r\n<!-- wp:heading {\"level\":4} --><\/h4>\r\n<h4><!-- \/wp:html -->\r\n\r\n<!-- wp:heading {\"level\":4} --><\/h4>\r\n<h4><!-- \/wp:html --><\/h4>\r\n<h4><!-- \/wp:html -->\r\n\r\n<!-- wp:heading {\"level\":4} --><\/h4>\r\n<h4><!-- \/wp:html -->\r\n\r\n<!-- wp:heading {\"level\":4} --><\/h4>\r\n<h4><!-- \/wp:paragraph -->\r\n\r\n<!-- wp:html --><!-- \/wp:html -->\r\n\r\n<!-- wp:heading {\"level\":4} --><\/h4>\r\n<h4><!-- \/wp:html -->\r\n\r\n<!-- wp:heading {\"level\":4} --><\/h4>\r\n<h4><!-- \/wp:paragraph -->\r\n\r\n<!-- wp:html --><\/h4>\r\n<h4><!-- \/wp:html -->\r\n\r\n<!-- wp:heading {\"level\":4} --><\/h4>\r\n<h4><!-- \/wp:html -->\r\n\r\n<!-- wp:heading {\"level\":4} --><\/h4>\r\n<h4><!-- \/wp:html --><\/h4>\r\n<h4><!-- wp:heading {\"level\":4} --><\/h4>\r\n<h4><!-- \/wp:html -->\r\n\r\n<!-- wp:heading {\"level\":4} --><\/h4>\r\n<h4><!-- \/wp:html -->\r\n\r\n<!-- wp:heading {\"level\":4} --><\/h4>\r\n<h4><!-- \/wp:html --><\/h4>\r\n<h4><!-- \/wp:paragraph -->\r\n\r\n<!-- wp:html --><\/h4>\r\n<h4><!-- \/wp:html -->\r\n\r\n<!-- wp:heading {\"level\":4} --><\/h4>\r\n<h4><!-- wp:html --><\/h4>\r\n<h4><!-- \/wp:html -->\r\n\r\n<!-- wp:heading {\"level\":4} --><\/h4>\r\n<h4><!-- \/wp:html -->\r\n\r\n<!-- wp:heading {\"level\":4} --><\/h4>\r\n<h4><!-- \/wp:paragraph -->\r\n\r\n<!-- wp:html --><!-- \/wp:html -->\r\n\r\n<!-- wp:heading {\"level\":4} --><\/h4>\r\n<h4><!-- wp:html --><!-- \/wp:html -->\r\n\r\n<!-- wp:heading {\"level\":4} --><\/h4>\r\n<h4><!-- \/wp:html --><\/h4>\r\n<h4><!-- \/wp:paragraph -->\r\n\r\n<!-- wp:html --><\/h4>\r\n<h4><!-- \/wp:html -->\r\n\r\n<!-- wp:heading {\"level\":4} --><\/h4>\r\n<h4><!-- \/wp:html -->\r\n\r\n<!-- wp:heading {\"level\":4} --><\/h4>\r\n<h4><!-- \/wp:html --><\/h4>\r\n<h4><!-- wp:heading {\"level\":4} --><\/h4>\r\n<h4><!-- \/wp:html -->\r\n\r\n<!-- wp:heading {\"level\":4} --><\/h4>\r\n<h4><!-- \/wp:html -->\r\n\r\n<!-- wp:heading {\"level\":4} --><\/h4>\r\n<h4><!-- \/wp:html --><\/h4>\r\n<h4><!-- \/wp:heading --><\/h4>\r\n<h4><!-- \/wp:html -->\r\n\r\n<!-- wp:heading {\"level\":4} --><\/h4>\r\n<h4><!-- \/wp:html -->\r\n\r\n<!-- wp:heading {\"level\":4} --><\/h4>\r\n<h4><!-- \/wp:paragraph -->\r\n\r\n<!-- wp:html --><!-- \/wp:html -->\r\n\r\n<!-- wp:heading {\"level\":4} --><\/h4>\r\n<h4><!-- \/wp:paragraph -->\r\n\r\n<!-- wp:html --><\/h4>\r\n<h4><!-- \/wp:html -->\r\n\r\n<!-- wp:heading {\"level\":4} --><\/h4>\r\n<h4><!-- \/wp:paragraph -->\r\n\r\n<!-- wp:html --><\/h4>\r\n<h4><!-- \/wp:html -->\r\n\r\n<!-- wp:heading {\"level\":4} --><\/h4>\r\n<h4><!-- \/wp:paragraph -->\r\n\r\n<!-- wp:html --><\/h4>\r\n<h4><!-- \/wp:html -->\r\n\r\n<!-- wp:heading {\"level\":4} --><\/h4>\r\n<h4><!-- \/wp:paragraph -->\r\n\r\n<!-- wp:html --><!-- \/wp:html -->\r\n\r\n<!-- wp:heading {\"level\":4} --><\/h4>\r\n<h4><!-- wp:html --><!-- \/wp:html -->\r\n\r\n<!-- wp:heading {\"level\":4} --><\/h4>\r\n<h4><!-- \/wp:paragraph -->\r\n\r\n<!-- wp:html --><\/h4>\r\n<h4><!-- \/wp:html -->\r\n\r\n<!-- wp:heading {\"level\":4} --><\/h4>\r\n<h4><!-- wp:html --><\/h4>\r\n<h4><!-- \/wp:html -->\r\n\r\n<!-- wp:heading {\"level\":4} --><\/h4>\r\n<h4><!-- \/wp:html --><\/h4>\r\n<h4><!-- wp:heading {\"level\":4} --><\/h4>\r\n<h4><!-- \/wp:paragraph -->\r\n\r\n<!-- wp:html --><\/h4>\r\n<h4><!-- \/wp:html -->\r\n\r\n<!-- wp:heading {\"level\":4} --><\/h4>\r\n<h4><!-- \/wp:paragraph -->\r\n\r\n<!-- wp:html --><!-- \/wp:html -->\r\n\r\n<!-- wp:heading {\"level\":4} --><\/h4>\r\n<h4><!-- \/wp:html --><\/h4>\r\n<h4><!-- \/wp:paragraph -->\r\n\r\n<!-- wp:html --><\/h4>\r\n<h4><!-- \/wp:html -->\r\n\r\n<!-- wp:heading {\"level\":4} --><\/h4>\r\n<h4><!-- \/wp:html --><\/h4>","protected":false},"excerpt":{"rendered":"<p>\u00c5BO KONSTGRAFIKER RF Ordf\u00f6rande i styrelsenTeija Lehtopuh. 040 733 9253teija.a.lehto@gmail.com Gallerist\/Sekreterare\/Verkst\u00e4llande direkt\u00f6rKirsi SuokasTel: 050 543 2672ttg@turun-taidegraafikot.fi &nbsp; &nbsp; GALLERIA JOELLA &nbsp; Adress: V\u00e4stra Strandgatan 21, 20100 \u00c5bo\u00d6PPET: tis\u2013fre 12\u201318, l\u00f6r\u2013s\u00f6n &#8230;<\/p>\n","protected":false},"author":1,"featured_media":0,"parent":0,"menu_order":80,"comment_status":"closed","ping_status":"closed","template":"","meta":{"footnotes":""},"class_list":["post-2","page","type-page","status-publish","hentry","no-post-thumbnail"],"_links":{"self":[{"href":"https:\/\/turun-taidegraafikot.fi\/sv\/wp-json\/wp\/v2\/pages\/2","targetHints":{"allow":["GET"]}}],"collection":[{"href":"https:\/\/turun-taidegraafikot.fi\/sv\/wp-json\/wp\/v2\/pages"}],"about":[{"href":"https:\/\/turun-taidegraafikot.fi\/sv\/wp-json\/wp\/v2\/types\/page"}],"author":[{"embeddable":true,"href":"https:\/\/turun-taidegraafikot.fi\/sv\/wp-json\/wp\/v2\/users\/1"}],"replies":[{"embeddable":true,"href":"https:\/\/turun-taidegraafikot.fi\/sv\/wp-json\/wp\/v2\/comments?post=2"}],"version-history":[{"count":95,"href":"https:\/\/turun-taidegraafikot.fi\/sv\/wp-json\/wp\/v2\/pages\/2\/revisions"}],"predecessor-version":[{"id":6009,"href":"https:\/\/turun-taidegraafikot.fi\/sv\/wp-json\/wp\/v2\/pages\/2\/revisions\/6009"}],"wp:attachment":[{"href":"https:\/\/turun-taidegraafikot.fi\/sv\/wp-json\/wp\/v2\/media?parent=2"}],"curies":[{"name":"wp","href":"https:\/\/api.w.org\/{rel}","templated":true}]}}