{"id":172,"date":"2017-09-20T09:33:45","date_gmt":"2017-09-20T06:33:45","guid":{"rendered":"http:\/\/turun-taidegraafikot-fi.vserver.zonevs.eu\/?page_id=172"},"modified":"2026-02-21T15:06:14","modified_gmt":"2026-02-21T13:06:14","slug":"yhteistyohuone","status":"publish","type":"page","link":"https:\/\/turun-taidegraafikot.fi\/sv\/yhteistyohuone\/","title":{"rendered":"Arbetsrum"},"content":{"rendered":"<!-- wp:paragraph -->\r\n<p>Den nuvarande studion f\u00f6r \u00c5bo Konstgrafiker -f\u00f6reningen finns i Konstens hus. Verkstaden har pressar och verktyg som \u00e4r l\u00e4mpliga f\u00f6r metodgrafik, tr\u00e4snitt och litografi. Ett v\u00e4lutrustat, rymligt studierum m\u00f6jligg\u00f6r m\u00e5ngsidigt arbete.<\/p>\r\n<!-- \/wp:paragraph -->\r\n<p>&nbsp;<\/p>\r\n<!-- wp:paragraph -->\r\n<p>Medlemmar i \u00c5bo Konstgrafiker rf, som har betalat medlemsavgiften samt tredje parter godk\u00e4nda av direkt\u00f6rerna \u00e4r v\u00e4lkomna att arbeta. Icke-medlemmar kan ans\u00f6ka (med e-post till <a href=\"mailto:galleriajoella@gmail.com\">galleriajoella@gmail.com<\/a>) om \u00e5tkomst till arbetsrummet med en ans\u00f6kan och ett cv bifogat med prover fr\u00e5n tidigare grafiska verk. Verkstadsm\u00e4stare Inari Raaterova kommer att presentera den nya anv\u00e4ndaren i lokaler och praxis.<\/p>\r\n<!-- \/wp:paragraph -->\r\n<p>&nbsp;<\/p>\r\n<!-- wp:heading {\"level\":4} -->\r\n<h4>Verkstadsavgifter<\/h4>\r\n<!-- \/wp:heading -->\r\n<p>&nbsp;<\/p>\r\n<!-- wp:paragraph -->\r\n<p><strong>Medlemmar i \u00c5bo konstgrafiker:<\/strong><\/p>\r\n<!-- \/wp:paragraph -->\r\n<p>&nbsp;<\/p>\r\n<!-- wp:list -->\r\n<ul>\r\n<li>arbetspass av 10 g\u00e5nger 110 \u20ac<\/li>\r\n<li>1 vecka 65 \u20ac<\/li>\r\n<li>1 m\u00e5nad 165 \u20ac<\/li>\r\n<li>6 m\u00e5nader 395 \u20ac<\/li>\r\n<li>1 \u00e5r 525 \u20ac<\/li>\r\n<\/ul>\r\n<!-- wp:paragraph -->\r\n<p><strong>Icke-medlemmar:<\/strong><\/p>\r\n<!-- \/wp:paragraph -->\r\n<p>&nbsp;<\/p>\r\n<!-- wp:list -->\r\n<ul>\r\n<li>arbetspass av 10 g\u00e5nger 135 \u20ac<\/li>\r\n<li>1 vecka 95 \u20ac<\/li>\r\n<li>1 m\u00e5nad 240 \u20ac<\/li>\r\n<li>6 m\u00e5nader 540 \u20ac<\/li>\r\n<li>1 \u00e5r 745 \u20ac<\/li>\r\n<\/ul>\r\n<!-- \/wp:list -->\r\n<p>Ut\u00f6ver anv\u00e4ndningsavgiften betalas en nyckeldeposition p\u00e5 78 \u20ac som du f\u00e5r tillbaka n\u00e4r du l\u00e4mnar tillbaka nyckeln.<\/p>\r\n<!-- wp:heading {\"level\":4} -->\r\n<h4>Kontakt och information<\/h4>\r\n<!-- \/wp:heading -->\r\n<p>&nbsp;<\/p>\r\n<!-- wp:paragraph -->\r\n<p>Adress: Nunnegatan 4, 20500 \u00c5bo<br \/>Verkstadsm\u00e4stare: Inari Raaterova<br \/>E-post: inari.raaterova(at)gmail.com<\/p>\r\n<!-- \/wp:paragraph -->\r\n<p><iframe loading=\"lazy\" style=\"border: 0;\" src=\"https:\/\/www.google.com\/maps\/embed?pb=!1m18!1m12!1m3!1d1967.724635185368!2d22.27269031585599!3d60.44976128206482!2m3!1f0!2f0!3f0!3m2!1i1024!2i768!4f13.1!3m3!1m2!1s0x468c76fb3a5521df%3A0x696600f48705a007!2sNunnankatu%204%2C%2020500%20Turku!5e0!3m2!1sfi!2sfi!4v1650982229276!5m2!1sfi!2sfi\" width=\"600\" height=\"450\" allowfullscreen=\"allowfullscreen\"><\/iframe><\/p>\r\n<!-- wp:html \/-->\r\n<p>&nbsp;<\/p>\r\n<!-- wp:html \/--><!-- \/wp:list --><!-- \/wp:paragraph --><!-- \/wp:paragraph -->\r\n<p>&nbsp;<\/p>\r\n<!-- wp:list -->\r\n<p>&nbsp;<\/p>\r\n<!-- wp:heading {\"level\":4} \/-->\r\n<p>&nbsp;<\/p>\r\n<!-- wp:paragraph --><!-- wp:paragraph -->\r\n<p>Den nuvarande studion f\u00f6r \u00c5bo Konstgrafiker -f\u00f6reningen finns i Konstens hus. Verkstaden har pressar och verktyg som \u00e4r l\u00e4mpliga f\u00f6r metodgrafik, tr\u00e4snitt och litografi. Ett v\u00e4lutrustat, rymligt studierum m\u00f6jligg\u00f6r m\u00e5ngsidigt arbete.<\/p>\r\n<!-- \/wp:paragraph -->\r\n<p>&nbsp;<\/p>\r\n<!-- wp:paragraph -->\r\n<p>Medlemmar i \u00c5bo Konstgrafiker rf, som har betalat medlemsavgiften samt tredje parter godk\u00e4nda av direkt\u00f6rerna \u00e4r v\u00e4lkomna att arbeta. Icke-medlemmar kan ans\u00f6ka (med e-post till <a href=\"mailto:galleriajoella@gmail.com\">galleriajoella@gmail.com<\/a>) om \u00e5tkomst till arbetsrummet med en ans\u00f6kan och ett cv bifogat med prover fr\u00e5n tidigare grafiska verk. Verkstadsm\u00e4stare Inari Raaterova kommer att presentera den nya anv\u00e4ndaren i lokaler och praxis.<\/p>\r\n<!-- \/wp:paragraph -->\r\n<p>&nbsp;<\/p>\r\n<!-- wp:heading {\"level\":4} -->\r\n<h4>Verkstadsavgifter<\/h4>\r\n<!-- \/wp:heading -->\r\n<p>&nbsp;<\/p>\r\n<!-- wp:paragraph -->\r\n<p><strong>Medlemmar i \u00c5bo konstgrafiker:<\/strong><\/p>\r\n<!-- \/wp:paragraph -->\r\n<p>&nbsp;<\/p>\r\n<!-- wp:list -->\r\n<ul>\r\n<li>arbetspass av 10 g\u00e5nger 110 \u20ac<\/li>\r\n<li>1 vecka 65 \u20ac<\/li>\r\n<li>1 m\u00e5nad 165 \u20ac<\/li>\r\n<li>6 m\u00e5nader 395 \u20ac<\/li>\r\n<li>1 \u00e5r 525 \u20ac<\/li>\r\n<\/ul>\r\n<!-- wp:paragraph -->\r\n<p><strong>Icke-medlemmar:<\/strong><\/p>\r\n<!-- \/wp:paragraph -->\r\n<p>&nbsp;<\/p>\r\n<!-- wp:list -->\r\n<ul>\r\n<li>arbetspass av 10 g\u00e5nger 135 \u20ac<\/li>\r\n<li>1 vecka 95 \u20ac<\/li>\r\n<li>1 m\u00e5nad 240 \u20ac<\/li>\r\n<li>6 m\u00e5nader 540 \u20ac<\/li>\r\n<li>1 \u00e5r 745 \u20ac<\/li>\r\n<\/ul>\r\n<!-- \/wp:list -->\r\n<p>Ut\u00f6ver anv\u00e4ndningsavgiften betalas en nyckeldeposition p\u00e5 78 \u20ac som du f\u00e5r tillbaka n\u00e4r du l\u00e4mnar tillbaka nyckeln.<\/p>\r\n<!-- wp:heading {\"level\":4} -->\r\n<h4>Kontakt och information<\/h4>\r\n<!-- \/wp:heading -->\r\n<p>&nbsp;<\/p>\r\n<!-- wp:paragraph -->\r\n<p>Adress: Nunnegatan 4, 20500 \u00c5bo<br \/>Verkstadsm\u00e4stare: Inari Raaterova<br \/>E-post: inari.raaterova(at)gmail.com<\/p>\r\n<!-- \/wp:paragraph -->\r\n<p><iframe loading=\"lazy\" style=\"border: 0;\" src=\"https:\/\/www.google.com\/maps\/embed?pb=!1m18!1m12!1m3!1d1967.724635185368!2d22.27269031585599!3d60.44976128206482!2m3!1f0!2f0!3f0!3m2!1i1024!2i768!4f13.1!3m3!1m2!1s0x468c76fb3a5521df%3A0x696600f48705a007!2sNunnankatu%204%2C%2020500%20Turku!5e0!3m2!1sfi!2sfi!4v1650982229276!5m2!1sfi!2sfi\" width=\"600\" height=\"450\" allowfullscreen=\"allowfullscreen\"><\/iframe><\/p>\r\n<!-- wp:html --><!-- \/wp:html -->\r\n<p>&nbsp;<\/p>\r\n<!-- wp:html --><!-- \/wp:html --><!-- \/wp:paragraph --><!-- \/wp:post-content --><!-- \/wp:list -->\r\n\r\n<!-- wp:list -->\r\n<ul>\r\n<li>kymmenen ty\u00f6skentelyp\u00e4iv\u00e4n pajapassi (10 krt) 110 \u20ac<\/li>\r\n<li>viikko 65 \u20ac<\/li>\r\n<li>kuukausi 165 \u20ac<\/li>\r\n<li>puoli vuotta 395 \u20ac<\/li>\r\n<li>vuosi 525 \u20ac<\/li>\r\n<\/ul>\r\n<p>Muut k\u00e4ytt\u00e4j\u00e4t:<\/p>\r\n<!-- wp:paragraph -->\r\n<ul>\r\n<li>kymmenen ty\u00f6skentelyp\u00e4iv\u00e4n pajapassi (10 krt) 135 \u20ac<\/li>\r\n<li>viikko 95 \u20ac<\/li>\r\n<li>kuukausi 240 \u20ac<\/li>\r\n<li>puoli vuotta 540 \u20ac<\/li>\r\n<li>vuosi 745 \u20ac<\/li>\r\n<\/ul>\r\n<p>K\u00e4ytt\u00f6maksun lis\u00e4ksi maksetaan avainpantti 35 \u20ac, jonka saa takaisin avainta palauttaessa.<\/p>\r\n<p>&nbsp;<\/p>\r\n<h4>Yhteystiedot:<\/h4>\r\n<p>Osoite: Nunnankatu 4, 20500 Turku<br \/>Pajan vastuuhenkil\u00f6: Inari Raaterova<br \/>S\u00e4hk\u00f6posti: inari.raaterova(at)gmail.com<\/p>\r\n<p>https:\/\/maps.app.goo.gl\/iZkTMU5YPcdeHtVo9<\/p>\r\n<p><a href=\"https:\/\/turun-taidegraafikot.fi\/wp-content\/uploads\/2025\/04\/Nayttokuva-2025-04-24-135359.png\"><img loading=\"lazy\" decoding=\"async\" class=\"wp-image-5486 alignleft\" src=\"https:\/\/turun-taidegraafikot.fi\/wp-content\/uploads\/2025\/04\/Nayttokuva-2025-04-24-135359-300x230.png\" alt=\"\" width=\"682\" height=\"523\" srcset=\"https:\/\/turun-taidegraafikot.fi\/wp-content\/uploads\/2025\/04\/Nayttokuva-2025-04-24-135359-300x230.png 300w, https:\/\/turun-taidegraafikot.fi\/wp-content\/uploads\/2025\/04\/Nayttokuva-2025-04-24-135359-100x77.png 100w, https:\/\/turun-taidegraafikot.fi\/wp-content\/uploads\/2025\/04\/Nayttokuva-2025-04-24-135359.png 741w\" sizes=\"auto, (max-width: 682px) 100vw, 682px\" \/><\/a><\/p>\r\n<!-- \/wp:paragraph -->\r\n<p>&nbsp;<\/p>\r\n<!-- wp:list -->\r\n<p>&nbsp;<\/p>\r\n<!-- wp:heading {\"level\":4} --><!-- \/wp:paragraph -->\r\n<p>&nbsp;<\/p>\r\n<!-- wp:paragraph --><!-- wp:paragraph -->\r\n<p>Den nuvarande studion f\u00f6r \u00c5bo Konstgrafiker -f\u00f6reningen finns i Konstens hus. Verkstaden har pressar och verktyg som \u00e4r l\u00e4mpliga f\u00f6r metodgrafik, tr\u00e4snitt och litografi. Ett v\u00e4lutrustat, rymligt studierum m\u00f6jligg\u00f6r m\u00e5ngsidigt arbete.<\/p>\r\n<!-- \/wp:paragraph -->\r\n<p>&nbsp;<\/p>\r\n<!-- wp:paragraph -->\r\n<p>Medlemmar i \u00c5bo Konstgrafiker rf, som har betalat medlemsavgiften samt tredje parter godk\u00e4nda av direkt\u00f6rerna \u00e4r v\u00e4lkomna att arbeta. Icke-medlemmar kan ans\u00f6ka (med e-post till <a href=\"mailto:galleriajoella@gmail.com\">galleriajoella@gmail.com<\/a>) om \u00e5tkomst till arbetsrummet med en ans\u00f6kan och ett cv bifogat med prover fr\u00e5n tidigare grafiska verk. Verkstadsm\u00e4stare Inari Raaterova kommer att presentera den nya anv\u00e4ndaren i lokaler och praxis.<\/p>\r\n<!-- \/wp:paragraph -->\r\n<p>&nbsp;<\/p>\r\n<!-- wp:heading {\"level\":4} -->\r\n<h4>Verkstadsavgifter<\/h4>\r\n<!-- \/wp:heading -->\r\n<p>&nbsp;<\/p>\r\n<!-- wp:paragraph -->\r\n<p><strong>Medlemmar i \u00c5bo konstgrafiker:<\/strong><\/p>\r\n<!-- \/wp:paragraph -->\r\n<p>&nbsp;<\/p>\r\n<!-- wp:list -->\r\n<ul>\r\n<li>arbetspass av 10 g\u00e5nger 110 \u20ac<\/li>\r\n<li>1 vecka 65 \u20ac<\/li>\r\n<li>1 m\u00e5nad 165 \u20ac<\/li>\r\n<li>6 m\u00e5nader 395 \u20ac<\/li>\r\n<li>1 \u00e5r 525 \u20ac<\/li>\r\n<\/ul>\r\n<!-- wp:paragraph -->\r\n<p><strong>Icke-medlemmar:<\/strong><\/p>\r\n<!-- \/wp:paragraph -->\r\n<p>&nbsp;<\/p>\r\n<!-- wp:list -->\r\n<ul>\r\n<li>arbetspass av 10 g\u00e5nger 135 \u20ac<\/li>\r\n<li>1 vecka 95 \u20ac<\/li>\r\n<li>1 m\u00e5nad 240 \u20ac<\/li>\r\n<li>6 m\u00e5nader 540 \u20ac<\/li>\r\n<li>1 \u00e5r 745 \u20ac<\/li>\r\n<\/ul>\r\n<!-- \/wp:list -->\r\n<p>Ut\u00f6ver anv\u00e4ndningsavgiften betalas en nyckeldeposition p\u00e5 78 \u20ac som du f\u00e5r tillbaka n\u00e4r du l\u00e4mnar tillbaka nyckeln.<\/p>\r\n<!-- wp:heading {\"level\":4} -->\r\n<h4>Kontakt och information<\/h4>\r\n<!-- \/wp:heading -->\r\n<p>&nbsp;<\/p>\r\n<!-- wp:paragraph -->\r\n<p>Adress: Nunnegatan 4, 20500 \u00c5bo<br \/>Verkstadsm\u00e4stare: Inari Raaterova<br \/>E-post: inari.raaterova(at)gmail.com<\/p>\r\n<!-- \/wp:paragraph -->\r\n<p><iframe loading=\"lazy\" style=\"border: 0;\" src=\"https:\/\/www.google.com\/maps\/embed?pb=!1m18!1m12!1m3!1d1967.724635185368!2d22.27269031585599!3d60.44976128206482!2m3!1f0!2f0!3f0!3m2!1i1024!2i768!4f13.1!3m3!1m2!1s0x468c76fb3a5521df%3A0x696600f48705a007!2sNunnankatu%204%2C%2020500%20Turku!5e0!3m2!1sfi!2sfi!4v1650982229276!5m2!1sfi!2sfi\" width=\"600\" height=\"450\" allowfullscreen=\"allowfullscreen\"><\/iframe><\/p>\r\n<!-- wp:html --><!-- \/wp:html -->\r\n<p>&nbsp;<\/p>\r\n<!-- wp:html --><!-- \/wp:html --><!-- \/wp:paragraph --><!-- \/wp:post-content -->","protected":false},"excerpt":{"rendered":"<p>Den nuvarande studion f\u00f6r \u00c5bo Konstgrafiker -f\u00f6reningen finns i Konstens hus. Verkstaden har pressar och verktyg som \u00e4r l\u00e4mpliga f\u00f6r metodgrafik, tr\u00e4snitt och litografi. Ett v\u00e4lutrustat, rymligt studierum m\u00f6jligg\u00f6r m\u00e5ngsidigt &#8230;<\/p>\n","protected":false},"author":1,"featured_media":2372,"parent":0,"menu_order":50,"comment_status":"closed","ping_status":"closed","template":"","meta":{"footnotes":""},"class_list":["post-172","page","type-page","status-publish","has-post-thumbnail","hentry"],"_links":{"self":[{"href":"https:\/\/turun-taidegraafikot.fi\/sv\/wp-json\/wp\/v2\/pages\/172","targetHints":{"allow":["GET"]}}],"collection":[{"href":"https:\/\/turun-taidegraafikot.fi\/sv\/wp-json\/wp\/v2\/pages"}],"about":[{"href":"https:\/\/turun-taidegraafikot.fi\/sv\/wp-json\/wp\/v2\/types\/page"}],"author":[{"embeddable":true,"href":"https:\/\/turun-taidegraafikot.fi\/sv\/wp-json\/wp\/v2\/users\/1"}],"replies":[{"embeddable":true,"href":"https:\/\/turun-taidegraafikot.fi\/sv\/wp-json\/wp\/v2\/comments?post=172"}],"version-history":[{"count":90,"href":"https:\/\/turun-taidegraafikot.fi\/sv\/wp-json\/wp\/v2\/pages\/172\/revisions"}],"predecessor-version":[{"id":5944,"href":"https:\/\/turun-taidegraafikot.fi\/sv\/wp-json\/wp\/v2\/pages\/172\/revisions\/5944"}],"wp:featuredmedia":[{"embeddable":true,"href":"https:\/\/turun-taidegraafikot.fi\/sv\/wp-json\/wp\/v2\/media\/2372"}],"wp:attachment":[{"href":"https:\/\/turun-taidegraafikot.fi\/sv\/wp-json\/wp\/v2\/media?parent=172"}],"curies":[{"name":"wp","href":"https:\/\/api.w.org\/{rel}","templated":true}]}}