{"id":167,"date":"2017-09-20T09:30:37","date_gmt":"2017-09-20T06:30:37","guid":{"rendered":"http:\/\/turun-taidegraafikot-fi.vserver.zonevs.eu\/?page_id=167"},"modified":"2025-11-04T12:40:25","modified_gmt":"2025-11-04T10:40:25","slug":"info","status":"publish","type":"page","link":"https:\/\/turun-taidegraafikot.fi\/sv\/info\/","title":{"rendered":"\u00c5bo Konstgrafiker rf"},"content":{"rendered":"<p>\u00c5bo Konstgrafiker rf \u00e4r en \u00e5r 1933 grundad lokal konstn\u00e4rsf\u00f6rening, som fr\u00e4mjar k\u00e4nnedom om konstgrafik och teckning samt st\u00f6der sina medlemmar i yrkesfr\u00e5gor. Till f\u00f6reningen h\u00f6r f\u00f6r tillf\u00e4llet cirka 100 medlemmar. \u00c5bo Konstgrafiker \u00e4r medlem av <a href=\"https:\/\/www.skjl.fi\/sv\/\" target=\"_blank\" rel=\"noopener\">Finlands Bildkonstorganisationers F\u00f6rbund rf<\/a>.<\/p>\r\n<p>F\u00f6reningen ordnar aktivt utst\u00e4llningsverksamhet i Galleria Joella. I gallerian, bel\u00e4gen vid Aura \u00e5, ordnas \u00e5rligen cirka 13 utst\u00e4llningar av bildkonstens olika genrer. I samband med gallerian finns \u00c5bo Konstgrafikers grafik butik, som erbjuder ett brett utbud av konstgrafik.<\/p>\r\n<p>\u00c5bo Konstgrafiker uppr\u00e4tth\u00e5ller en grafikverkstad som finns i <a href=\"https:\/\/www.turku.fi\/sv\/konstens-hus\" target=\"_blank\" rel=\"noopener\">Konstens hus<\/a>. Den \u00e4r riktad till f\u00f6reningens medlemmar och \u00e4ven till andra som arbetar med olika grafiska metoder. F\u00f6reningen ordnar \u00e5rligen ett flertal kurser inom grafisk teknik.<\/p>\r\n<p>&nbsp;<\/p>\r\n<p>\u00c5bo Konstgrafiker rf \u00e4r en \u00e5r 1933 grundad lokal konstn\u00e4rsf\u00f6rening, som fr\u00e4mjar k\u00e4nnedom om konstgrafik samt st\u00f6der sina medlemmar i yrkesfr\u00e5gor. Till f\u00f6reningen h\u00f6r f\u00f6r tillf\u00e4llet cirka 100 medlemmar. \u00c5bo Konstgrafiker \u00e4r medlem av <a href=\"https:\/\/www.skjl.fi\/sv\/\" target=\"_blank\" rel=\"noopener\">Finlands Bildkonstorganisationers F\u00f6rbund rf<\/a>.<\/p>\r\n<p>F\u00f6reningen ordnar aktivt utst\u00e4llningsverksamhet i Galleria Joella. I gallerian, bel\u00e4gen vid Aura \u00e5, ordnas \u00e5rligen cirka 13 utst\u00e4llningar av bildkonstens olika genrer. I samband med gallerian finns \u00c5bo Konstgrafikers grafik butik, som erbjuder ett brett utbud av konstgrafik.<\/p>\r\n<p>\u00c5bo Konstgrafiker uppr\u00e4tth\u00e5ller en grafikverkstad som finns i <a href=\"https:\/\/www.turku.fi\/sv\/konstens-hus\" target=\"_blank\" rel=\"noopener\">Konstens hus<\/a>. Den \u00e4r riktad till f\u00f6reningens medlemmar och \u00e4ven till andra som arbetar med olika grafiska metoder. F\u00f6reningen ordnar \u00e5rligen ett flertal kurser inom grafisk teknik.<\/p>","protected":false},"excerpt":{"rendered":"<p>\u00c5bo Konstgrafiker rf \u00e4r en \u00e5r 1933 grundad lokal konstn\u00e4rsf\u00f6rening, som fr\u00e4mjar k\u00e4nnedom om konstgrafik och teckning samt st\u00f6der sina medlemmar i yrkesfr\u00e5gor. Till f\u00f6reningen h\u00f6r f\u00f6r tillf\u00e4llet cirka 100 &#8230;<\/p>\n","protected":false},"author":1,"featured_media":0,"parent":0,"menu_order":20,"comment_status":"closed","ping_status":"closed","template":"","meta":{"footnotes":""},"class_list":["post-167","page","type-page","status-publish","hentry","no-post-thumbnail"],"_links":{"self":[{"href":"https:\/\/turun-taidegraafikot.fi\/sv\/wp-json\/wp\/v2\/pages\/167","targetHints":{"allow":["GET"]}}],"collection":[{"href":"https:\/\/turun-taidegraafikot.fi\/sv\/wp-json\/wp\/v2\/pages"}],"about":[{"href":"https:\/\/turun-taidegraafikot.fi\/sv\/wp-json\/wp\/v2\/types\/page"}],"author":[{"embeddable":true,"href":"https:\/\/turun-taidegraafikot.fi\/sv\/wp-json\/wp\/v2\/users\/1"}],"replies":[{"embeddable":true,"href":"https:\/\/turun-taidegraafikot.fi\/sv\/wp-json\/wp\/v2\/comments?post=167"}],"version-history":[{"count":21,"href":"https:\/\/turun-taidegraafikot.fi\/sv\/wp-json\/wp\/v2\/pages\/167\/revisions"}],"predecessor-version":[{"id":5798,"href":"https:\/\/turun-taidegraafikot.fi\/sv\/wp-json\/wp\/v2\/pages\/167\/revisions\/5798"}],"wp:attachment":[{"href":"https:\/\/turun-taidegraafikot.fi\/sv\/wp-json\/wp\/v2\/media?parent=167"}],"curies":[{"name":"wp","href":"https:\/\/api.w.org\/{rel}","templated":true}]}}