{"id":174,"date":"2017-09-20T09:34:37","date_gmt":"2017-09-20T06:34:37","guid":{"rendered":"http:\/\/turun-taidegraafikot-fi.vserver.zonevs.eu\/?page_id=174"},"modified":"2026-04-10T14:30:52","modified_gmt":"2026-04-10T11:30:52","slug":"kannatusjasenet","status":"publish","type":"page","link":"https:\/\/turun-taidegraafikot.fi\/en\/info\/kannatusjasenet\/","title":{"rendered":"Supporting members"},"content":{"rendered":"<p>&nbsp;<\/p>\r\n<!-- wp:heading {\"level\":4} -->\r\n<h4 class=\"rich-text editor-rich-text__editable block-editor-rich-text__editable is-selected\" role=\"textbox\" contenteditable=\"true\" aria-multiline=\"true\" aria-label=\"Kirjoita otsikko...\">Join the supporting members of Turku Printmakers<\/h4>\r\n<p>Any private person or organisation interested in graphic art can become a supporting member of Turku Printmakers. Every year the association selects one print of which one hundred proofs are taken. One copy remains with the association and rest of the remaining 99 proofs, signed t.p.l\u2019a, are given to the supporting members \u2014 each receiving one copy. How comfortable way to have a print collection! Some of our supporting members already have a collection of 30 works.<\/p>\r\n<p>The membership fee is 95 euros in 2019. The maximum number of supporting members is 99. Every now and then there opens a possibility for a new member to join. In addition, the supporting members will get invitations to the openings of the exhibitions in Gallery Joella and other events of the association.<\/p>\r\n<h4>Contact<\/h4>\r\n<p>Address: Galleria Joella L\u00e4ntinen Rantakatu 21, 20100 Turku<br \/>Phone: +358 46 920 0830<br \/>Email: ttg(at)turun-taidegraafikot.fi<\/p>\r\n<p><a href=\"https:\/\/turun-taidegraafikot.fi\/wp-content\/uploads\/2026\/04\/Works-for-supporting-members-from-1971-to-present-2025.pdf\">Works for supporting members from 1971 to present 2025<\/a><\/p>\r\n<h4><!-- wp:heading {\"level\":4} --><\/h4>\r\n<h4>Prints for supporting members:<\/h4>\r\n<!-- \/wp:heading -->\r\n<p><a href=\"https:\/\/turun-taidegraafikot.fi\/wp-content\/uploads\/2024\/03\/Lotta_Leka_Omppupuun_alta_TTG_kannatusjasentyo_2023.jpg\"><img loading=\"lazy\" decoding=\"async\" class=\"aligncenter wp-image-3793 size-full\" src=\"https:\/\/turun-taidegraafikot.fi\/wp-content\/uploads\/2024\/03\/Lotta_Leka_Omppupuun_alta_TTG_kannatusjasentyo_2023.jpg\" alt=\"2023 Lotta Leka: Omppupuun alta\" width=\"902\" height=\"900\" srcset=\"https:\/\/turun-taidegraafikot.fi\/wp-content\/uploads\/2024\/03\/Lotta_Leka_Omppupuun_alta_TTG_kannatusjasentyo_2023.jpg 902w, https:\/\/turun-taidegraafikot.fi\/wp-content\/uploads\/2024\/03\/Lotta_Leka_Omppupuun_alta_TTG_kannatusjasentyo_2023-300x300.jpg 300w, https:\/\/turun-taidegraafikot.fi\/wp-content\/uploads\/2024\/03\/Lotta_Leka_Omppupuun_alta_TTG_kannatusjasentyo_2023-150x150.jpg 150w, https:\/\/turun-taidegraafikot.fi\/wp-content\/uploads\/2024\/03\/Lotta_Leka_Omppupuun_alta_TTG_kannatusjasentyo_2023-768x766.jpg 768w, https:\/\/turun-taidegraafikot.fi\/wp-content\/uploads\/2024\/03\/Lotta_Leka_Omppupuun_alta_TTG_kannatusjasentyo_2023-100x100.jpg 100w, https:\/\/turun-taidegraafikot.fi\/wp-content\/uploads\/2024\/03\/Lotta_Leka_Omppupuun_alta_TTG_kannatusjasentyo_2023-864x862.jpg 864w\" sizes=\"auto, (max-width: 902px) 100vw, 902px\" \/><\/a><\/p>\r\n<p style=\"text-align: center;\"><strong>2023 Lotta Leka<\/strong><br \/>&#8220;Omppupuun alta&#8221;<\/p>\r\n<p><a href=\"https:\/\/turun-taidegraafikot.fi\/wp-content\/uploads\/2024\/03\/Markku_Haanpaa_Tuntematon_Atlas_TTG_kannatusjasentyo_2022.jpg\"><img loading=\"lazy\" decoding=\"async\" class=\"size-full wp-image-3792 aligncenter\" src=\"https:\/\/turun-taidegraafikot.fi\/wp-content\/uploads\/2024\/03\/Markku_Haanpaa_Tuntematon_Atlas_TTG_kannatusjasentyo_2022.jpg\" alt=\"Markku Haanp\u00e4\u00e4: Tuntematon Atlas\" width=\"910\" height=\"900\" srcset=\"https:\/\/turun-taidegraafikot.fi\/wp-content\/uploads\/2024\/03\/Markku_Haanpaa_Tuntematon_Atlas_TTG_kannatusjasentyo_2022.jpg 910w, https:\/\/turun-taidegraafikot.fi\/wp-content\/uploads\/2024\/03\/Markku_Haanpaa_Tuntematon_Atlas_TTG_kannatusjasentyo_2022-300x297.jpg 300w, https:\/\/turun-taidegraafikot.fi\/wp-content\/uploads\/2024\/03\/Markku_Haanpaa_Tuntematon_Atlas_TTG_kannatusjasentyo_2022-768x760.jpg 768w, https:\/\/turun-taidegraafikot.fi\/wp-content\/uploads\/2024\/03\/Markku_Haanpaa_Tuntematon_Atlas_TTG_kannatusjasentyo_2022-100x99.jpg 100w, https:\/\/turun-taidegraafikot.fi\/wp-content\/uploads\/2024\/03\/Markku_Haanpaa_Tuntematon_Atlas_TTG_kannatusjasentyo_2022-864x855.jpg 864w\" sizes=\"auto, (max-width: 910px) 100vw, 910px\" \/><\/a><\/p>\r\n<p style=\"text-align: center;\"><strong>2022 Markku Haanp\u00e4\u00e4<\/strong><br \/>&#8220;Tuntematon Atlas&#8221;<\/p>\r\n<p style=\"text-align: center;\">\u00a0<\/p>\r\n<p style=\"text-align: center;\"><img class=\"wp-block-image size-large\" \/><\/p>\r\n<p style=\"text-align: center;\"><img loading=\"lazy\" decoding=\"async\" width=\"1024\" height=\"1024\" class=\"wp-image-2143\" src=\"https:\/\/turun-taidegraafikot.fi\/wp-content\/uploads\/2021\/11\/friends-for-ever-bb_-1024x1024.jpg\" alt=\"\" srcset=\"https:\/\/turun-taidegraafikot.fi\/wp-content\/uploads\/2021\/11\/friends-for-ever-bb_-1024x1024.jpg 1024w, https:\/\/turun-taidegraafikot.fi\/wp-content\/uploads\/2021\/11\/friends-for-ever-bb_-300x300.jpg 300w, https:\/\/turun-taidegraafikot.fi\/wp-content\/uploads\/2021\/11\/friends-for-ever-bb_-150x150.jpg 150w, https:\/\/turun-taidegraafikot.fi\/wp-content\/uploads\/2021\/11\/friends-for-ever-bb_-768x768.jpg 768w, https:\/\/turun-taidegraafikot.fi\/wp-content\/uploads\/2021\/11\/friends-for-ever-bb_-1536x1536.jpg 1536w, https:\/\/turun-taidegraafikot.fi\/wp-content\/uploads\/2021\/11\/friends-for-ever-bb_-2048x2048.jpg 2048w, https:\/\/turun-taidegraafikot.fi\/wp-content\/uploads\/2021\/11\/friends-for-ever-bb_-100x100.jpg 100w, https:\/\/turun-taidegraafikot.fi\/wp-content\/uploads\/2021\/11\/friends-for-ever-bb_-864x864.jpg 864w, https:\/\/turun-taidegraafikot.fi\/wp-content\/uploads\/2021\/11\/friends-for-ever-bb_-1200x1200.jpg 1200w\" sizes=\"auto, (max-width: 1024px) 100vw, 1024px\" \/><\/p>\r\n<p style=\"text-align: center;\"><strong>2021 Tiina Vainio<\/strong><br \/>\u201dFriends for ever\u201d<\/p>\r\n<!-- \/wp:image -->\r\n<p>&nbsp;<\/p>\r\n<!-- wp:image {\"id\":1196,\"sizeSlug\":\"large\"} -->\r\n<figure class=\"wp-block-image size-large\"><img loading=\"lazy\" decoding=\"async\" width=\"1024\" height=\"1001\" class=\"wp-image-1196\" src=\"https:\/\/turun-taidegraafikot.fi\/wp-content\/uploads\/2020\/04\/Kajo_2020_sm-1024x1001.jpg\" alt=\"\" srcset=\"https:\/\/turun-taidegraafikot.fi\/wp-content\/uploads\/2020\/04\/Kajo_2020_sm-1024x1001.jpg 1024w, https:\/\/turun-taidegraafikot.fi\/wp-content\/uploads\/2020\/04\/Kajo_2020_sm-300x293.jpg 300w, https:\/\/turun-taidegraafikot.fi\/wp-content\/uploads\/2020\/04\/Kajo_2020_sm-768x751.jpg 768w, https:\/\/turun-taidegraafikot.fi\/wp-content\/uploads\/2020\/04\/Kajo_2020_sm-1536x1502.jpg 1536w, https:\/\/turun-taidegraafikot.fi\/wp-content\/uploads\/2020\/04\/Kajo_2020_sm-2048x2003.jpg 2048w, https:\/\/turun-taidegraafikot.fi\/wp-content\/uploads\/2020\/04\/Kajo_2020_sm-100x98.jpg 100w, https:\/\/turun-taidegraafikot.fi\/wp-content\/uploads\/2020\/04\/Kajo_2020_sm-864x845.jpg 864w, https:\/\/turun-taidegraafikot.fi\/wp-content\/uploads\/2020\/04\/Kajo_2020_sm-1200x1173.jpg 1200w\" sizes=\"auto, (max-width: 1024px) 100vw, 1024px\" \/>\r\n<figcaption><strong>2020 Sara Manninen<\/strong><br \/>\u201dKajo\u201d<\/figcaption>\r\n<\/figure>\r\n<p>&nbsp;<\/p>\r\n<!-- wp:image {\"id\":1436,\"sizeSlug\":\"large\",\"linkDestination\":\"none\"} -->\r\n<figure class=\"wp-block-image size-large\"><img loading=\"lazy\" decoding=\"async\" width=\"768\" height=\"1024\" class=\"wp-image-1436\" src=\"https:\/\/turun-taidegraafikot.fi\/wp-content\/uploads\/2021\/01\/kannatusjasentyo_kallio_2019-768x1024.jpg\" alt=\"\" srcset=\"https:\/\/turun-taidegraafikot.fi\/wp-content\/uploads\/2021\/01\/kannatusjasentyo_kallio_2019-768x1024.jpg 768w, https:\/\/turun-taidegraafikot.fi\/wp-content\/uploads\/2021\/01\/kannatusjasentyo_kallio_2019-225x300.jpg 225w, https:\/\/turun-taidegraafikot.fi\/wp-content\/uploads\/2021\/01\/kannatusjasentyo_kallio_2019-1152x1536.jpg 1152w, https:\/\/turun-taidegraafikot.fi\/wp-content\/uploads\/2021\/01\/kannatusjasentyo_kallio_2019-1536x2048.jpg 1536w, https:\/\/turun-taidegraafikot.fi\/wp-content\/uploads\/2021\/01\/kannatusjasentyo_kallio_2019-100x133.jpg 100w, https:\/\/turun-taidegraafikot.fi\/wp-content\/uploads\/2021\/01\/kannatusjasentyo_kallio_2019-864x1152.jpg 864w, https:\/\/turun-taidegraafikot.fi\/wp-content\/uploads\/2021\/01\/kannatusjasentyo_kallio_2019-1200x1600.jpg 1200w, https:\/\/turun-taidegraafikot.fi\/wp-content\/uploads\/2021\/01\/kannatusjasentyo_kallio_2019-scaled.jpg 1920w\" sizes=\"auto, (max-width: 768px) 100vw, 768px\" \/>\r\n<figcaption><strong>2019 Petra Kallio<\/strong><br \/>&#8220;Valoon&#8221;<\/figcaption>\r\n<\/figure>\r\n<p>&nbsp;<\/p>\r\n<h4><!-- \/wp:paragraph -->\r\n\r\n<!-- wp:image {\"id\":1498,\"sizeSlug\":\"large\",\"linkDestination\":\"none\"} --><\/h4>\r\n<figure class=\"wp-block-image size-large\"><img loading=\"lazy\" decoding=\"async\" width=\"1024\" height=\"768\" class=\"wp-image-1498\" src=\"https:\/\/turun-taidegraafikot.fi\/wp-content\/uploads\/2021\/01\/2018-Anu-Halmesmaa-Mita-naet-1024x768.jpg\" alt=\"\" srcset=\"https:\/\/turun-taidegraafikot.fi\/wp-content\/uploads\/2021\/01\/2018-Anu-Halmesmaa-Mita-naet-1024x768.jpg 1024w, https:\/\/turun-taidegraafikot.fi\/wp-content\/uploads\/2021\/01\/2018-Anu-Halmesmaa-Mita-naet-300x225.jpg 300w, https:\/\/turun-taidegraafikot.fi\/wp-content\/uploads\/2021\/01\/2018-Anu-Halmesmaa-Mita-naet-768x576.jpg 768w, https:\/\/turun-taidegraafikot.fi\/wp-content\/uploads\/2021\/01\/2018-Anu-Halmesmaa-Mita-naet-1536x1152.jpg 1536w, https:\/\/turun-taidegraafikot.fi\/wp-content\/uploads\/2021\/01\/2018-Anu-Halmesmaa-Mita-naet-2048x1536.jpg 2048w, https:\/\/turun-taidegraafikot.fi\/wp-content\/uploads\/2021\/01\/2018-Anu-Halmesmaa-Mita-naet-100x75.jpg 100w, https:\/\/turun-taidegraafikot.fi\/wp-content\/uploads\/2021\/01\/2018-Anu-Halmesmaa-Mita-naet-864x648.jpg 864w, https:\/\/turun-taidegraafikot.fi\/wp-content\/uploads\/2021\/01\/2018-Anu-Halmesmaa-Mita-naet-1200x900.jpg 1200w\" sizes=\"auto, (max-width: 1024px) 100vw, 1024px\" \/>\r\n<figcaption><strong>2018 Anu Halmesmaa<\/strong><br \/>&#8220;Mit\u00e4 n\u00e4et?&#8221;<\/figcaption>\r\n<\/figure>\r\n<h4><!-- \/wp:image -->\r\n\r\n<!-- wp:paragraph --><\/h4>\r\n<p>&nbsp;<\/p>\r\n<h4><!-- \/wp:paragraph -->\r\n\r\n<!-- wp:image {\"id\":1500,\"sizeSlug\":\"large\",\"linkDestination\":\"none\"} --><\/h4>\r\n<figure class=\"wp-block-image size-large\"><img loading=\"lazy\" decoding=\"async\" width=\"748\" height=\"1024\" class=\"wp-image-1500\" src=\"https:\/\/turun-taidegraafikot.fi\/wp-content\/uploads\/2021\/01\/2017-Tonja-Goldblatt-Sarjasta-Ensimmaiset-havainnot-748x1024.jpg\" alt=\"\" srcset=\"https:\/\/turun-taidegraafikot.fi\/wp-content\/uploads\/2021\/01\/2017-Tonja-Goldblatt-Sarjasta-Ensimmaiset-havainnot-748x1024.jpg 748w, https:\/\/turun-taidegraafikot.fi\/wp-content\/uploads\/2021\/01\/2017-Tonja-Goldblatt-Sarjasta-Ensimmaiset-havainnot-219x300.jpg 219w, https:\/\/turun-taidegraafikot.fi\/wp-content\/uploads\/2021\/01\/2017-Tonja-Goldblatt-Sarjasta-Ensimmaiset-havainnot-768x1051.jpg 768w, https:\/\/turun-taidegraafikot.fi\/wp-content\/uploads\/2021\/01\/2017-Tonja-Goldblatt-Sarjasta-Ensimmaiset-havainnot-1122x1536.jpg 1122w, https:\/\/turun-taidegraafikot.fi\/wp-content\/uploads\/2021\/01\/2017-Tonja-Goldblatt-Sarjasta-Ensimmaiset-havainnot-1496x2048.jpg 1496w, https:\/\/turun-taidegraafikot.fi\/wp-content\/uploads\/2021\/01\/2017-Tonja-Goldblatt-Sarjasta-Ensimmaiset-havainnot-100x137.jpg 100w, https:\/\/turun-taidegraafikot.fi\/wp-content\/uploads\/2021\/01\/2017-Tonja-Goldblatt-Sarjasta-Ensimmaiset-havainnot-864x1183.jpg 864w, https:\/\/turun-taidegraafikot.fi\/wp-content\/uploads\/2021\/01\/2017-Tonja-Goldblatt-Sarjasta-Ensimmaiset-havainnot-1200x1643.jpg 1200w, https:\/\/turun-taidegraafikot.fi\/wp-content\/uploads\/2021\/01\/2017-Tonja-Goldblatt-Sarjasta-Ensimmaiset-havainnot-scaled.jpg 1870w\" sizes=\"auto, (max-width: 748px) 100vw, 748px\" \/>\r\n<figcaption><strong>2017 Tonja Goldblatt<\/strong><br \/>Sarjasta: &#8220;Ensimm\u00e4iset havainnot&#8221;<\/figcaption>\r\n<\/figure>\r\n<h4><!-- \/wp:image -->\r\n\r\n<!-- wp:paragraph --><\/h4>\r\n<p>&nbsp;<\/p>\r\n<h4><!-- \/wp:paragraph -->\r\n\r\n<!-- wp:image {\"id\":1501,\"sizeSlug\":\"large\",\"linkDestination\":\"none\"} --><\/h4>\r\n<figure class=\"wp-block-image size-large\"><img loading=\"lazy\" decoding=\"async\" width=\"1024\" height=\"768\" class=\"wp-image-1501\" src=\"https:\/\/turun-taidegraafikot.fi\/wp-content\/uploads\/2021\/01\/2016-Yrjana-Ermala-Morgan-le-Fay-1024x768.jpg\" alt=\"\" srcset=\"https:\/\/turun-taidegraafikot.fi\/wp-content\/uploads\/2021\/01\/2016-Yrjana-Ermala-Morgan-le-Fay-1024x768.jpg 1024w, https:\/\/turun-taidegraafikot.fi\/wp-content\/uploads\/2021\/01\/2016-Yrjana-Ermala-Morgan-le-Fay-300x225.jpg 300w, https:\/\/turun-taidegraafikot.fi\/wp-content\/uploads\/2021\/01\/2016-Yrjana-Ermala-Morgan-le-Fay-768x576.jpg 768w, https:\/\/turun-taidegraafikot.fi\/wp-content\/uploads\/2021\/01\/2016-Yrjana-Ermala-Morgan-le-Fay-1536x1152.jpg 1536w, https:\/\/turun-taidegraafikot.fi\/wp-content\/uploads\/2021\/01\/2016-Yrjana-Ermala-Morgan-le-Fay-2048x1536.jpg 2048w, https:\/\/turun-taidegraafikot.fi\/wp-content\/uploads\/2021\/01\/2016-Yrjana-Ermala-Morgan-le-Fay-100x75.jpg 100w, https:\/\/turun-taidegraafikot.fi\/wp-content\/uploads\/2021\/01\/2016-Yrjana-Ermala-Morgan-le-Fay-864x648.jpg 864w, https:\/\/turun-taidegraafikot.fi\/wp-content\/uploads\/2021\/01\/2016-Yrjana-Ermala-Morgan-le-Fay-1200x900.jpg 1200w\" sizes=\"auto, (max-width: 1024px) 100vw, 1024px\" \/>\r\n<figcaption><strong>2016 Yrj\u00e4n\u00e4 Ermala<\/strong><br \/>&#8220;Morgan le Fay&#8221;<\/figcaption>\r\n<\/figure>\r\n<h4><!-- \/wp:image -->\r\n\r\n<!-- wp:paragraph --><\/h4>\r\n<p>&nbsp;<\/p>\r\n<h4><!-- \/wp:paragraph -->\r\n\r\n<!-- wp:image {\"id\":1502,\"sizeSlug\":\"large\",\"linkDestination\":\"none\"} --><\/h4>\r\n<figure class=\"wp-block-image size-large\"><img loading=\"lazy\" decoding=\"async\" width=\"768\" height=\"1024\" class=\"wp-image-1502\" src=\"https:\/\/turun-taidegraafikot.fi\/wp-content\/uploads\/2021\/01\/2014-Juha-Joro-Valoon-768x1024.jpg\" alt=\"\" srcset=\"https:\/\/turun-taidegraafikot.fi\/wp-content\/uploads\/2021\/01\/2014-Juha-Joro-Valoon-768x1024.jpg 768w, https:\/\/turun-taidegraafikot.fi\/wp-content\/uploads\/2021\/01\/2014-Juha-Joro-Valoon-225x300.jpg 225w, https:\/\/turun-taidegraafikot.fi\/wp-content\/uploads\/2021\/01\/2014-Juha-Joro-Valoon-1152x1536.jpg 1152w, https:\/\/turun-taidegraafikot.fi\/wp-content\/uploads\/2021\/01\/2014-Juha-Joro-Valoon-1536x2048.jpg 1536w, https:\/\/turun-taidegraafikot.fi\/wp-content\/uploads\/2021\/01\/2014-Juha-Joro-Valoon-100x133.jpg 100w, https:\/\/turun-taidegraafikot.fi\/wp-content\/uploads\/2021\/01\/2014-Juha-Joro-Valoon-864x1152.jpg 864w, https:\/\/turun-taidegraafikot.fi\/wp-content\/uploads\/2021\/01\/2014-Juha-Joro-Valoon-1200x1600.jpg 1200w, https:\/\/turun-taidegraafikot.fi\/wp-content\/uploads\/2021\/01\/2014-Juha-Joro-Valoon-scaled.jpg 1920w\" sizes=\"auto, (max-width: 768px) 100vw, 768px\" \/>\r\n<figcaption><strong>2014 Juha Joro<\/strong><br \/>&#8220;Valoon&#8221;<\/figcaption>\r\n<\/figure>\r\n<h4><!-- \/wp:image -->\r\n\r\n<!-- wp:image {\"id\":1503,\"sizeSlug\":\"large\",\"linkDestination\":\"none\"} --><\/h4>\r\n<figure class=\"wp-block-image size-large\"><img loading=\"lazy\" decoding=\"async\" width=\"1024\" height=\"997\" class=\"wp-image-1503\" src=\"https:\/\/turun-taidegraafikot.fi\/wp-content\/uploads\/2021\/01\/2012-Teija-Lehto-Mannapuuroa-ja-mustikkaa-1024x997.jpg\" alt=\"\" srcset=\"https:\/\/turun-taidegraafikot.fi\/wp-content\/uploads\/2021\/01\/2012-Teija-Lehto-Mannapuuroa-ja-mustikkaa-1024x997.jpg 1024w, https:\/\/turun-taidegraafikot.fi\/wp-content\/uploads\/2021\/01\/2012-Teija-Lehto-Mannapuuroa-ja-mustikkaa-300x292.jpg 300w, https:\/\/turun-taidegraafikot.fi\/wp-content\/uploads\/2021\/01\/2012-Teija-Lehto-Mannapuuroa-ja-mustikkaa-768x748.jpg 768w, https:\/\/turun-taidegraafikot.fi\/wp-content\/uploads\/2021\/01\/2012-Teija-Lehto-Mannapuuroa-ja-mustikkaa-1536x1496.jpg 1536w, https:\/\/turun-taidegraafikot.fi\/wp-content\/uploads\/2021\/01\/2012-Teija-Lehto-Mannapuuroa-ja-mustikkaa-2048x1995.jpg 2048w, https:\/\/turun-taidegraafikot.fi\/wp-content\/uploads\/2021\/01\/2012-Teija-Lehto-Mannapuuroa-ja-mustikkaa-100x97.jpg 100w, https:\/\/turun-taidegraafikot.fi\/wp-content\/uploads\/2021\/01\/2012-Teija-Lehto-Mannapuuroa-ja-mustikkaa-864x841.jpg 864w, https:\/\/turun-taidegraafikot.fi\/wp-content\/uploads\/2021\/01\/2012-Teija-Lehto-Mannapuuroa-ja-mustikkaa-1200x1169.jpg 1200w\" sizes=\"auto, (max-width: 1024px) 100vw, 1024px\" \/>\r\n<figcaption><strong>2012 Teija Lehto<\/strong><br \/>&#8220;Mannapuuroa ja mustikkaa&#8221;<\/figcaption>\r\n<\/figure>\r\n<h4><!-- \/wp:image -->\r\n\r\n<!-- wp:image {\"id\":1504,\"sizeSlug\":\"large\",\"linkDestination\":\"none\"} --><\/h4>\r\n<figure class=\"wp-block-image size-large\"><img loading=\"lazy\" decoding=\"async\" width=\"1024\" height=\"768\" class=\"wp-image-1504\" src=\"https:\/\/turun-taidegraafikot.fi\/wp-content\/uploads\/2021\/01\/2010-Markku-Haanpaa-Rytmi-1024x768.jpg\" alt=\"\" srcset=\"https:\/\/turun-taidegraafikot.fi\/wp-content\/uploads\/2021\/01\/2010-Markku-Haanpaa-Rytmi-1024x768.jpg 1024w, https:\/\/turun-taidegraafikot.fi\/wp-content\/uploads\/2021\/01\/2010-Markku-Haanpaa-Rytmi-300x225.jpg 300w, https:\/\/turun-taidegraafikot.fi\/wp-content\/uploads\/2021\/01\/2010-Markku-Haanpaa-Rytmi-768x576.jpg 768w, https:\/\/turun-taidegraafikot.fi\/wp-content\/uploads\/2021\/01\/2010-Markku-Haanpaa-Rytmi-1536x1152.jpg 1536w, https:\/\/turun-taidegraafikot.fi\/wp-content\/uploads\/2021\/01\/2010-Markku-Haanpaa-Rytmi-2048x1536.jpg 2048w, https:\/\/turun-taidegraafikot.fi\/wp-content\/uploads\/2021\/01\/2010-Markku-Haanpaa-Rytmi-100x75.jpg 100w, https:\/\/turun-taidegraafikot.fi\/wp-content\/uploads\/2021\/01\/2010-Markku-Haanpaa-Rytmi-864x648.jpg 864w, https:\/\/turun-taidegraafikot.fi\/wp-content\/uploads\/2021\/01\/2010-Markku-Haanpaa-Rytmi-1200x900.jpg 1200w\" sizes=\"auto, (max-width: 1024px) 100vw, 1024px\" \/>\r\n<figcaption><strong>2010 Markku Haanp\u00e4\u00e4<\/strong><br \/>&#8220;Rytmi&#8221;<\/figcaption>\r\n<\/figure>\r\n<h4><!-- \/wp:image -->\r\n\r\n<!-- wp:image {\"id\":1505,\"sizeSlug\":\"large\",\"linkDestination\":\"none\"} --><\/h4>\r\n<figure class=\"wp-block-image size-large\"><img loading=\"lazy\" decoding=\"async\" width=\"1024\" height=\"768\" class=\"wp-image-1505\" src=\"https:\/\/turun-taidegraafikot.fi\/wp-content\/uploads\/2021\/01\/2007-Nea-Silavuori-Oinen-Nakyma-1024x768.jpg\" alt=\"\" srcset=\"https:\/\/turun-taidegraafikot.fi\/wp-content\/uploads\/2021\/01\/2007-Nea-Silavuori-Oinen-Nakyma-1024x768.jpg 1024w, https:\/\/turun-taidegraafikot.fi\/wp-content\/uploads\/2021\/01\/2007-Nea-Silavuori-Oinen-Nakyma-300x225.jpg 300w, https:\/\/turun-taidegraafikot.fi\/wp-content\/uploads\/2021\/01\/2007-Nea-Silavuori-Oinen-Nakyma-768x576.jpg 768w, https:\/\/turun-taidegraafikot.fi\/wp-content\/uploads\/2021\/01\/2007-Nea-Silavuori-Oinen-Nakyma-1536x1152.jpg 1536w, https:\/\/turun-taidegraafikot.fi\/wp-content\/uploads\/2021\/01\/2007-Nea-Silavuori-Oinen-Nakyma-2048x1536.jpg 2048w, https:\/\/turun-taidegraafikot.fi\/wp-content\/uploads\/2021\/01\/2007-Nea-Silavuori-Oinen-Nakyma-100x75.jpg 100w, https:\/\/turun-taidegraafikot.fi\/wp-content\/uploads\/2021\/01\/2007-Nea-Silavuori-Oinen-Nakyma-864x648.jpg 864w, https:\/\/turun-taidegraafikot.fi\/wp-content\/uploads\/2021\/01\/2007-Nea-Silavuori-Oinen-Nakyma-1200x900.jpg 1200w\" sizes=\"auto, (max-width: 1024px) 100vw, 1024px\" \/>\r\n<figcaption><strong>2007 Nea Siltavuori<\/strong><br \/>&#8220;\u00d6inen n\u00e4kym\u00e4&#8221;<\/figcaption>\r\n<img alt=\"\" \/><\/figure>\r\n<h4><!-- \/wp:image --><\/h4>","protected":false},"excerpt":{"rendered":"<p>&nbsp; Join the supporting members of Turku Printmakers Any private person or organisation interested in graphic art can become a supporting member of Turku Printmakers. Every year the association selects &#8230;<\/p>\n","protected":false},"author":1,"featured_media":0,"parent":167,"menu_order":24,"comment_status":"closed","ping_status":"closed","template":"","meta":{"footnotes":""},"class_list":["post-174","page","type-page","status-publish","hentry","no-post-thumbnail"],"_links":{"self":[{"href":"https:\/\/turun-taidegraafikot.fi\/en\/wp-json\/wp\/v2\/pages\/174","targetHints":{"allow":["GET"]}}],"collection":[{"href":"https:\/\/turun-taidegraafikot.fi\/en\/wp-json\/wp\/v2\/pages"}],"about":[{"href":"https:\/\/turun-taidegraafikot.fi\/en\/wp-json\/wp\/v2\/types\/page"}],"author":[{"embeddable":true,"href":"https:\/\/turun-taidegraafikot.fi\/en\/wp-json\/wp\/v2\/users\/1"}],"replies":[{"embeddable":true,"href":"https:\/\/turun-taidegraafikot.fi\/en\/wp-json\/wp\/v2\/comments?post=174"}],"version-history":[{"count":119,"href":"https:\/\/turun-taidegraafikot.fi\/en\/wp-json\/wp\/v2\/pages\/174\/revisions"}],"predecessor-version":[{"id":6039,"href":"https:\/\/turun-taidegraafikot.fi\/en\/wp-json\/wp\/v2\/pages\/174\/revisions\/6039"}],"up":[{"embeddable":true,"href":"https:\/\/turun-taidegraafikot.fi\/en\/wp-json\/wp\/v2\/pages\/167"}],"wp:attachment":[{"href":"https:\/\/turun-taidegraafikot.fi\/en\/wp-json\/wp\/v2\/media?parent=174"}],"curies":[{"name":"wp","href":"https:\/\/api.w.org\/{rel}","templated":true}]}}