{"id":172,"date":"2017-09-20T09:33:45","date_gmt":"2017-09-20T06:33:45","guid":{"rendered":"http:\/\/turun-taidegraafikot-fi.vserver.zonevs.eu\/?page_id=172"},"modified":"2026-02-21T15:06:14","modified_gmt":"2026-02-21T13:06:14","slug":"yhteistyohuone","status":"publish","type":"page","link":"https:\/\/turun-taidegraafikot.fi\/en\/yhteistyohuone\/","title":{"rendered":"Studio"},"content":{"rendered":"<!-- wp:paragraph -->\r\n<p>The Printmaking Studio of the Turku Printmakers Association is located in Taiteen talo in Turku.<\/p>\r\n<p>The studio has printing presses and tools suitable for the methods of metal graphics, woodcut and lithography. A well-equipped, spacious studio allows versatile work.<\/p>\r\n<p>Members of the association who have paid the membership fee and third parties approved by the board of association are welcomed to work at the studio. <span style=\"font-weight: 400;\">Non-members can apply for access to the workspace by email <a href=\"mailto:galleriajoella@gmail.com\">galleriajoella@gmail.com<\/a> with an application that includes an up-to-date resume and samples of<\/span> previous graphic works. Studio Caretaker Inari Raaterova will introduce the new user to premises and practices.<\/p>\r\n<h4>Studio fees<\/h4>\r\n<p><strong>Members of the association:<\/strong><\/p>\r\n<ul>\r\n<li>working pass of 10 times 110 \u20ac<\/li>\r\n<li>1 week 65 \u20ac<\/li>\r\n<li>1 month 165 \u20ac<\/li>\r\n<li>6 months 395 \u20ac<\/li>\r\n<li>1 year 525 \u20ac<\/li>\r\n<\/ul>\r\n<p><strong>Non-members:<\/strong><\/p>\r\n<ul>\r\n<li>working pass of 10 times 135 \u20ac<\/li>\r\n<li>1 week 95 \u20ac<\/li>\r\n<li>1 month 240 \u20ac<\/li>\r\n<li>6 months 540 \u20ac<\/li>\r\n<li>1 year 745 \u20ac<\/li>\r\n<\/ul>\r\n<p>In addition to the studio fee, a key deposit of 78 euros is paid. The deposit is returned when you return the key.<\/p>\r\n<h4>Contact and information<\/h4>\r\n<p>Address: Nunnankatu 4, 20500 Turku<br \/>Studio Caretaker: Inari Raaterova<br \/>Email: inari.raaterova(at)gmail.com<\/p>\r\n<!-- wp:html -->\r\n<p><iframe loading=\"lazy\" style=\"border: 0;\" src=\"https:\/\/www.google.com\/maps\/embed?pb=!1m18!1m12!1m3!1d1967.724635185368!2d22.27269031585599!3d60.44976128206482!2m3!1f0!2f0!3f0!3m2!1i1024!2i768!4f13.1!3m3!1m2!1s0x468c76fb3a5521df%3A0x696600f48705a007!2sNunnankatu%204%2C%2020500%20Turku!5e0!3m2!1sfi!2sfi!4v1650982229276!5m2!1sfi!2sfi\" width=\"600\" height=\"450\" allowfullscreen=\"allowfullscreen\"><\/iframe><\/p>\r\n<!-- \/wp:html --><!-- \/wp:paragraph --><!-- \/wp:paragraph -->\r\n<p>&nbsp;<\/p>\r\n<!-- wp:list -->\r\n<p>&nbsp;<\/p>\r\n<!-- wp:heading {\"level\":4} \/-->\r\n<p>&nbsp;<\/p>\r\n<!-- wp:paragraph --><!-- wp:paragraph -->\r\n<p>The Printmaking Studio of the Turku Printmakers Association is located in Taiteen talo in Turku.<\/p>\r\n<p>The studio has printing presses and tools suitable for the methods of metal graphics, woodcut and lithography. A well-equipped, spacious studio allows versatile work.<\/p>\r\n<p>Members of the association who have paid the membership fee and third parties approved by the board of association are welcomed to work at the studio. <span style=\"font-weight: 400;\">Non-members can apply for access to the workspace by email <a href=\"mailto:galleriajoella@gmail.com\">galleriajoella@gmail.com<\/a> with an application that includes an up-to-date resume and samples of<\/span> previous graphic works. Studio Caretaker Inari Raaterova will introduce the new user to premises and practices.<\/p>\r\n<h4>Studio fees<\/h4>\r\n<p><strong>Members of the association:<\/strong><\/p>\r\n<ul>\r\n<li>working pass of 10 times 110 \u20ac<\/li>\r\n<li>1 week 65 \u20ac<\/li>\r\n<li>1 month 165 \u20ac<\/li>\r\n<li>6 months 395 \u20ac<\/li>\r\n<li>1 year 525 \u20ac<\/li>\r\n<\/ul>\r\n<p><strong>Non-members:<\/strong><\/p>\r\n<ul>\r\n<li>working pass of 10 times 135 \u20ac<\/li>\r\n<li>1 week 95 \u20ac<\/li>\r\n<li>1 month 240 \u20ac<\/li>\r\n<li>6 months 540 \u20ac<\/li>\r\n<li>1 year 745 \u20ac<\/li>\r\n<\/ul>\r\n<p>In addition to the studio fee, a key deposit of 78 euros is paid. The deposit is returned when you return the key.<\/p>\r\n<h4>Contact and information<\/h4>\r\n<p>Address: Nunnankatu 4, 20500 Turku<br \/>Studio Caretaker: Inari Raaterova<br \/>Email: inari.raaterova(at)gmail.com<\/p>\r\n<!-- wp:html -->\r\n<p><iframe loading=\"lazy\" style=\"border: 0;\" src=\"https:\/\/www.google.com\/maps\/embed?pb=!1m18!1m12!1m3!1d1967.724635185368!2d22.27269031585599!3d60.44976128206482!2m3!1f0!2f0!3f0!3m2!1i1024!2i768!4f13.1!3m3!1m2!1s0x468c76fb3a5521df%3A0x696600f48705a007!2sNunnankatu%204%2C%2020500%20Turku!5e0!3m2!1sfi!2sfi!4v1650982229276!5m2!1sfi!2sfi\" width=\"600\" height=\"450\" allowfullscreen=\"allowfullscreen\"><\/iframe><\/p>\r\n<!-- \/wp:html --><!-- \/wp:post-content --><!-- \/wp:list -->\r\n\r\n<!-- wp:list -->\r\n<ul>\r\n<li>kymmenen ty\u00f6skentelyp\u00e4iv\u00e4n pajapassi (10 krt) 110 \u20ac<\/li>\r\n<li>viikko 65 \u20ac<\/li>\r\n<li>kuukausi 165 \u20ac<\/li>\r\n<li>puoli vuotta 395 \u20ac<\/li>\r\n<li>vuosi 525 \u20ac<\/li>\r\n<\/ul>\r\n<p>Muut k\u00e4ytt\u00e4j\u00e4t:<\/p>\r\n<!-- wp:paragraph -->\r\n<ul>\r\n<li>kymmenen ty\u00f6skentelyp\u00e4iv\u00e4n pajapassi (10 krt) 135 \u20ac<\/li>\r\n<li>viikko 95 \u20ac<\/li>\r\n<li>kuukausi 240 \u20ac<\/li>\r\n<li>puoli vuotta 540 \u20ac<\/li>\r\n<li>vuosi 745 \u20ac<\/li>\r\n<\/ul>\r\n<p>K\u00e4ytt\u00f6maksun lis\u00e4ksi maksetaan avainpantti 35 \u20ac, jonka saa takaisin avainta palauttaessa.<\/p>\r\n<p>&nbsp;<\/p>\r\n<h4>Yhteystiedot:<\/h4>\r\n<p>Osoite: Nunnankatu 4, 20500 Turku<br \/>Pajan vastuuhenkil\u00f6: Inari Raaterova<br \/>S\u00e4hk\u00f6posti: inari.raaterova(at)gmail.com<\/p>\r\n<p>https:\/\/maps.app.goo.gl\/iZkTMU5YPcdeHtVo9<\/p>\r\n<p><a href=\"https:\/\/turun-taidegraafikot.fi\/wp-content\/uploads\/2025\/04\/Nayttokuva-2025-04-24-135359.png\"><img loading=\"lazy\" decoding=\"async\" class=\"wp-image-5486 alignleft\" src=\"https:\/\/turun-taidegraafikot.fi\/wp-content\/uploads\/2025\/04\/Nayttokuva-2025-04-24-135359-300x230.png\" alt=\"\" width=\"682\" height=\"523\" srcset=\"https:\/\/turun-taidegraafikot.fi\/wp-content\/uploads\/2025\/04\/Nayttokuva-2025-04-24-135359-300x230.png 300w, https:\/\/turun-taidegraafikot.fi\/wp-content\/uploads\/2025\/04\/Nayttokuva-2025-04-24-135359-100x77.png 100w, https:\/\/turun-taidegraafikot.fi\/wp-content\/uploads\/2025\/04\/Nayttokuva-2025-04-24-135359.png 741w\" sizes=\"auto, (max-width: 682px) 100vw, 682px\" \/><\/a><\/p>\r\n<!-- \/wp:paragraph -->\r\n<p>&nbsp;<\/p>\r\n<!-- wp:list -->\r\n<p>&nbsp;<\/p>\r\n<!-- wp:heading {\"level\":4} --><!-- \/wp:paragraph -->\r\n<p>&nbsp;<\/p>\r\n<!-- wp:paragraph --><!-- wp:paragraph -->\r\n<p>The Printmaking Studio of the Turku Printmakers Association is located in Taiteen talo in Turku.<\/p>\r\n<p>The studio has printing presses and tools suitable for the methods of metal graphics, woodcut and lithography. A well-equipped, spacious studio allows versatile work.<\/p>\r\n<p>Members of the association who have paid the membership fee and third parties approved by the board of association are welcomed to work at the studio. <span style=\"font-weight: 400;\">Non-members can apply for access to the workspace by email <a href=\"mailto:galleriajoella@gmail.com\">galleriajoella@gmail.com<\/a> with an application that includes an up-to-date resume and samples of<\/span> previous graphic works. Studio Caretaker Inari Raaterova will introduce the new user to premises and practices.<\/p>\r\n<h4>Studio fees<\/h4>\r\n<p><strong>Members of the association:<\/strong><\/p>\r\n<ul>\r\n<li>working pass of 10 times 110 \u20ac<\/li>\r\n<li>1 week 65 \u20ac<\/li>\r\n<li>1 month 165 \u20ac<\/li>\r\n<li>6 months 395 \u20ac<\/li>\r\n<li>1 year 525 \u20ac<\/li>\r\n<\/ul>\r\n<p><strong>Non-members:<\/strong><\/p>\r\n<ul>\r\n<li>working pass of 10 times 135 \u20ac<\/li>\r\n<li>1 week 95 \u20ac<\/li>\r\n<li>1 month 240 \u20ac<\/li>\r\n<li>6 months 540 \u20ac<\/li>\r\n<li>1 year 745 \u20ac<\/li>\r\n<\/ul>\r\n<p>In addition to the studio fee, a key deposit of 78 euros is paid. The deposit is returned when you return the key.<\/p>\r\n<h4>Contact and information<\/h4>\r\n<p>Address: Nunnankatu 4, 20500 Turku<br \/>Studio Caretaker: Inari Raaterova<br \/>Email: inari.raaterova(at)gmail.com<\/p>\r\n<!-- wp:html -->\r\n<p><iframe loading=\"lazy\" style=\"border: 0;\" src=\"https:\/\/www.google.com\/maps\/embed?pb=!1m18!1m12!1m3!1d1967.724635185368!2d22.27269031585599!3d60.44976128206482!2m3!1f0!2f0!3f0!3m2!1i1024!2i768!4f13.1!3m3!1m2!1s0x468c76fb3a5521df%3A0x696600f48705a007!2sNunnankatu%204%2C%2020500%20Turku!5e0!3m2!1sfi!2sfi!4v1650982229276!5m2!1sfi!2sfi\" width=\"600\" height=\"450\" allowfullscreen=\"allowfullscreen\"><\/iframe><\/p>\r\n<!-- \/wp:html --><!-- \/wp:post-content -->","protected":false},"excerpt":{"rendered":"<p>The Printmaking Studio of the Turku Printmakers Association is located in Taiteen talo in Turku. The studio has printing presses and tools suitable for the methods of metal graphics, woodcut &#8230;<\/p>\n","protected":false},"author":1,"featured_media":2372,"parent":0,"menu_order":50,"comment_status":"closed","ping_status":"closed","template":"","meta":{"footnotes":""},"class_list":["post-172","page","type-page","status-publish","has-post-thumbnail","hentry"],"_links":{"self":[{"href":"https:\/\/turun-taidegraafikot.fi\/en\/wp-json\/wp\/v2\/pages\/172","targetHints":{"allow":["GET"]}}],"collection":[{"href":"https:\/\/turun-taidegraafikot.fi\/en\/wp-json\/wp\/v2\/pages"}],"about":[{"href":"https:\/\/turun-taidegraafikot.fi\/en\/wp-json\/wp\/v2\/types\/page"}],"author":[{"embeddable":true,"href":"https:\/\/turun-taidegraafikot.fi\/en\/wp-json\/wp\/v2\/users\/1"}],"replies":[{"embeddable":true,"href":"https:\/\/turun-taidegraafikot.fi\/en\/wp-json\/wp\/v2\/comments?post=172"}],"version-history":[{"count":92,"href":"https:\/\/turun-taidegraafikot.fi\/en\/wp-json\/wp\/v2\/pages\/172\/revisions"}],"predecessor-version":[{"id":5944,"href":"https:\/\/turun-taidegraafikot.fi\/en\/wp-json\/wp\/v2\/pages\/172\/revisions\/5944"}],"wp:featuredmedia":[{"embeddable":true,"href":"https:\/\/turun-taidegraafikot.fi\/en\/wp-json\/wp\/v2\/media\/2372"}],"wp:attachment":[{"href":"https:\/\/turun-taidegraafikot.fi\/en\/wp-json\/wp\/v2\/media?parent=172"}],"curies":[{"name":"wp","href":"https:\/\/api.w.org\/{rel}","templated":true}]}}