{"id":1441,"date":"2021-01-21T12:20:58","date_gmt":"2021-01-21T10:20:58","guid":{"rendered":"https:\/\/turun-taidegraafikot.fi\/?page_id=1441"},"modified":"2026-02-21T12:57:50","modified_gmt":"2026-02-21T10:57:50","slug":"turun-taidegraafikoiden-jasenet","status":"publish","type":"page","link":"https:\/\/turun-taidegraafikot.fi\/en\/info\/turun-taidegraafikoiden-jasenet\/","title":{"rendered":"Members of the Turku printmakers association"},"content":{"rendered":"Turku printmakers association has about a hundred members already.<\/p>\n<ol>\n<li>Aapala, Marja<\/li>\n<li>Ahlstr\u00f6m, Martin<\/li>\n<li>Ala-Olla, Merja<\/li>\n<li>Albrecht, Maija<\/li>\n<li>Almarsund, Annette<\/li>\n<li>Antinkaapo, Johanna<\/li>\n<li>Artinaho, Hannu<\/li>\n<li>Bakharev, Andrei<\/li>\n<li>Boucht, Jouni<\/li>\n<li>Dahlsten, Annika<\/li>\n<li>Dravantti, Henry<\/li>\n<li>Enckell-Valo, Ulla<\/li>\n<li>Ekl\u00f6f, Katja<\/li>\n<li>Ermala, Yrj\u00e4n\u00e4<\/li>\n<li>Goldblatt, Tonja<\/li>\n<li>Haanp\u00e4\u00e4, Markku<\/li>\n<li>Hairo, Saija<\/li>\n<li>Hakala, Outimaija<\/li>\n<li>Halmesmaa, Anu<\/li>\n<li>Hammar\u00e9n, Annette<\/li>\n<li>Helenius, Matti<\/li>\n<li>Hilli, Anneli<\/li>\n<li>Hilska, Anna<\/li>\n<li>Horvath, Sanna<\/li>\n<li>Huuhka, Olli<\/li>\n<li>H\u00f6ijer, Jemena<\/li>\n<li>Ik\u00e4valko, Katri<\/li>\n<li>Jaakola, Hanna<\/li>\n<li>Johansson, Jari<\/li>\n<li>Jokela, Minna<\/li>\n<li>Joro, Juha<\/li>\n<li>Junnila, Harri<\/li>\n<li>J\u00e4rvenp\u00e4\u00e4, Aleksanteri<\/li>\n<li>J\u00e4rvipet\u00e4j\u00e4, Rami<\/li>\n<li>Kallio, Petra<\/li>\n<li>Kerola, Nina<\/li>\n<li>Ketola, Sirkku<\/li>\n<li>Kivilaakso, Maria<\/li>\n<li>Kivisaari, Aino<\/li>\n<li>Korppila, Raija<\/li>\n<li>Koskinen, Harro<\/li>\n<li>Kurunsaari, Heli<\/li>\n<li>Laakso, Juha<\/li>\n<li>Laine, Miina<\/li>\n<li>Lappalainen Minna Maija<\/li>\n<li>Laurinen, Raili<\/li>\n<li>Lehto, Teija<\/li>\n<li>Lehtonen, Solveig<\/li>\n<li>Leka, Lotta<\/li>\n<li>Lepist\u00f6, Jussi<\/li>\n<li>Levander-B\u00f6hling, Sirkka-Liisa<\/li>\n<li>Liimatainen, Aleksi<\/li>\n<li>Lilja, Aino<\/li>\n<li>Lumen, Jade<\/li>\n<li>Manninen, Sara<\/li>\n<li>Metso, Paula<\/li>\n<li>Miettinen, Laura<\/li>\n<li>Mikkonen, Marita<\/li>\n<li>Mutka, Jone<\/li>\n<li>M\u00e4\u00e4tt\u00e4l\u00e4, Eliisa<\/li>\n<li>M\u00e5nsson, Anneli<\/li>\n<li>Nampaj\u00e4rvi, Erkki<\/li>\n<li>Naski, Hannu<\/li>\n<li>Nissil\u00e4, Kauko<\/li>\n<li>Nives, Eero<\/li>\n<li>Pirtola, Pilvari<\/li>\n<li>Pitk\u00e4nen, Tero<\/li>\n<li>Puustelli, Virpi<\/li>\n<li>Raaterova, Inari<\/li>\n<li>Rahunen-Ahtila, Sirkku<\/li>\n<li>Ringbom, Veronika<\/li>\n<li>Roponen, Venla<\/li>\n<li>Salo, Tarja-Liisa<\/li>\n<li>Salonen, Marja<\/li>\n<li>Salonen, Taru<\/li>\n<li>Sari, Hasan Fuat<\/li>\n<li>Sarparanta, Leena<\/li>\n<li>Silavuori, Nea<\/li>\n<li>Sundberg, John<\/li>\n<li>Suominen, Paula<\/li>\n<li>Syrj\u00e4, Katja<\/li>\n<li>S\u00e4rkij\u00e4rvi, Sirpa<\/li>\n<li>Tahvanainen, Laura<\/li>\n<li>Tammi, Hanna<\/li>\n<li>Ter\u00e4v\u00e4inen, Pirkko-Helena<\/li>\n<li>Thusberg, Panu<\/li>\n<li>Tikka, Tea<\/li>\n<li>Tikkala, Aila<\/li>\n<li>Toivettula, Aino<\/li>\n<li>Tuomaala, Kaisu<\/li>\n<li>Tuominen, Henri<\/li>\n<li>Ubaleht, Tanja<\/li>\n<li>Vainio, Tiina<\/li>\n<li>Vaisto, Hannu<\/li>\n<li>Varis, Hanna<\/li>\n<li>Viljanen, Jirko<\/li>\n<li>Vuorinen, Helena Maria<\/li>\n<li>V\u00e4ntsi, Timo<\/li>\n<li>Weckman, Jan Kenneth<\/li>\n<li>Ylitalo, Merja<\/li>\n<li>Yrj\u00f6l\u00e4, Sonja<\/li>\n<\/ol>","protected":false},"excerpt":{"rendered":"<p>Turku printmakers association has about a hundred members already. Aapala, Marja Ahlstr\u00f6m, Martin Ala-Olla, Merja Albrecht, Maija Almarsund, Annette Antinkaapo, Johanna Artinaho, Hannu Bakharev, Andrei Boucht, Jouni Dahlsten, Annika Dravantti, &#8230;<\/p>\n","protected":false},"author":1,"featured_media":0,"parent":167,"menu_order":25,"comment_status":"closed","ping_status":"closed","template":"","meta":{"footnotes":""},"class_list":["post-1441","page","type-page","status-publish","hentry","no-post-thumbnail"],"_links":{"self":[{"href":"https:\/\/turun-taidegraafikot.fi\/en\/wp-json\/wp\/v2\/pages\/1441","targetHints":{"allow":["GET"]}}],"collection":[{"href":"https:\/\/turun-taidegraafikot.fi\/en\/wp-json\/wp\/v2\/pages"}],"about":[{"href":"https:\/\/turun-taidegraafikot.fi\/en\/wp-json\/wp\/v2\/types\/page"}],"author":[{"embeddable":true,"href":"https:\/\/turun-taidegraafikot.fi\/en\/wp-json\/wp\/v2\/users\/1"}],"replies":[{"embeddable":true,"href":"https:\/\/turun-taidegraafikot.fi\/en\/wp-json\/wp\/v2\/comments?post=1441"}],"version-history":[{"count":38,"href":"https:\/\/turun-taidegraafikot.fi\/en\/wp-json\/wp\/v2\/pages\/1441\/revisions"}],"predecessor-version":[{"id":5942,"href":"https:\/\/turun-taidegraafikot.fi\/en\/wp-json\/wp\/v2\/pages\/1441\/revisions\/5942"}],"up":[{"embeddable":true,"href":"https:\/\/turun-taidegraafikot.fi\/en\/wp-json\/wp\/v2\/pages\/167"}],"wp:attachment":[{"href":"https:\/\/turun-taidegraafikot.fi\/en\/wp-json\/wp\/v2\/media?parent=1441"}],"curies":[{"name":"wp","href":"https:\/\/api.w.org\/{rel}","templated":true}]}}